{"id":380,"date":"2022-03-02T18:40:02","date_gmt":"2022-03-02T17:40:02","guid":{"rendered":"https:\/\/irun.wordcamp.org\/2022\/?page_id=380"},"modified":"2022-05-23T08:58:44","modified_gmt":"2022-05-23T06:58:44","slug":"home","status":"publish","type":"page","link":"https:\/\/irun.wordcamp.org\/2022\/","title":{"rendered":"WordCamp Irun"},"content":{"rendered":"\n<section class=\"wp-block-group wci-home-header\"><div class=\"wp-block-group__inner-container is-layout-flow wp-block-group-is-layout-flow\">\n<h1 class=\"wp-block-heading\" id=\"wordcampirun\"><strong>WordCamp<\/strong><br><strong>Irun<\/strong><\/h1>\n\n\n\n<p class=\"wp-block-paragraph\">Maiatzaren 21 \u2013 22 de mayo<\/p>\n\n\n\n<div class=\"wp-block-buttons is-layout-flex wp-block-buttons-is-layout-flex\">\n<div class=\"wp-block-button\"><a class=\"wp-block-button__link\" href=\"https:\/\/irun.wordcamp.org\/2022\/programa\/\">Programa<\/a><\/div>\n\n\n\n<div class=\"wp-block-button\"><a class=\"wp-block-button__link\" href=\"https:\/\/irun.wordcamp.org\/2022\/tickets\/\">Entradas \/ Sarrerak<\/a><\/div>\n<\/div>\n<\/div><\/section>\n\n\n\n<hr class=\"wp-block-separator has-css-opacity\" \/>\n\n\n\n<section class=\"wp-block-group wci-home-intro has-background\" style=\"background-color:#f7efd5\"><div class=\"wp-block-group__inner-container is-layout-flow wp-block-group-is-layout-flow\">\n<h2 class=\"has-text-align-center wp-block-heading\">ESKERRIK ASKO PARTE HARTZAILE GUZTIEI ETA DATORREN URTERA ARTE!<\/h2>\n\n\n\n<h2 class=\"has-text-align-center wp-block-heading\">GRACIAS A TODOS LOS PARTICIPANTES Y HASTA EL A\u00d1O QUE VIENE<\/h2>\n<\/div><\/section>\n\n\n\n<hr class=\"wp-block-separator has-css-opacity\" \/>\n\n\n\n<section class=\"wp-block-group wci-home-intro has-background\" style=\"background-color:#f7efd5\"><div class=\"wp-block-group__inner-container is-layout-flow wp-block-group-is-layout-flow\">\n<h2 class=\"wp-block-heading\">Sigue la WordCamp en directo<\/h2>\n\n\n\n<div class=\"wp-block-columns is-layout-flex wp-container-core-columns-is-layout-8f761849 wp-block-columns-is-layout-flex\">\n<div class=\"wp-block-column is-layout-flow wp-block-column-is-layout-flow\">\n<p class=\"wp-block-paragraph\">Streaming Track A<\/p>\n\n\n\n<div class=\"jetpack-video-wrapper\"><span class=\"embed-youtube\" style=\"text-align:center; display: block;\"><iframe loading=\"lazy\" class=\"youtube-player\" width=\"640\" height=\"360\" src=\"https:\/\/www.youtube.com\/embed\/A7KeXq1kNpU?version=3&#038;rel=1&#038;showsearch=0&#038;showinfo=1&#038;iv_load_policy=1&#038;fs=1&#038;hl=es-ES&#038;autohide=2&#038;wmode=transparent\" allowfullscreen=\"true\" style=\"border:0;\" sandbox=\"allow-scripts allow-same-origin allow-popups allow-presentation allow-popups-to-escape-sandbox\"><\/iframe><\/span><\/div>\n<\/div>\n\n\n\n<div class=\"wp-block-column is-layout-flow wp-block-column-is-layout-flow\">\n<p class=\"wp-block-paragraph\">Streaming Track B<\/p>\n\n\n\n<div class=\"jetpack-video-wrapper\"><span class=\"embed-youtube\" style=\"text-align:center; display: block;\"><iframe loading=\"lazy\" class=\"youtube-player\" width=\"640\" height=\"360\" src=\"https:\/\/www.youtube.com\/embed\/zUZ6rweVXc8?version=3&#038;rel=1&#038;showsearch=0&#038;showinfo=1&#038;iv_load_policy=1&#038;fs=1&#038;hl=es-ES&#038;autohide=2&#038;wmode=transparent\" allowfullscreen=\"true\" style=\"border:0;\" sandbox=\"allow-scripts allow-same-origin allow-popups allow-presentation allow-popups-to-escape-sandbox\"><\/iframe><\/span><\/div>\n<\/div>\n<\/div>\n<\/div><\/section>\n\n\n\n<hr class=\"wp-block-separator has-css-opacity\" \/>\n\n\n\n<section class=\"wp-block-group wci-home-intro has-background\" style=\"background-color:#f7efd5\"><div class=\"wp-block-group__inner-container is-layout-flow wp-block-group-is-layout-flow\">\n<figure class=\"wp-block-image size-large is-resized\"><a href=\"https:\/\/irun.wordcamp.org\/2022\/asi-es-el-venue-de-wordcamp-irun\/\"><img loading=\"lazy\" decoding=\"async\" src=\"https:\/\/irun.wordcamp.org\/2022\/files\/2022\/05\/MU-01-1024x524.jpg\" alt=\"\" class=\"wp-image-2081\" width=\"1024\" height=\"524\" srcset=\"https:\/\/irun.wordcamp.org\/2022\/files\/2022\/05\/MU-01-1024x524.jpg 1024w, https:\/\/irun.wordcamp.org\/2022\/files\/2022\/05\/MU-01-300x153.jpg 300w, https:\/\/irun.wordcamp.org\/2022\/files\/2022\/05\/MU-01-768x393.jpg 768w, https:\/\/irun.wordcamp.org\/2022\/files\/2022\/05\/MU-01-500x256.jpg 500w, https:\/\/irun.wordcamp.org\/2022\/files\/2022\/05\/MU-01.jpg 1500w\" sizes=\"auto, (max-width: 1024px) 100vw, 1024px\" \/><\/a><figcaption><a href=\"https:\/\/irun.wordcamp.org\/2022\/asi-es-el-venue-de-wordcamp-irun\/\"><strong>Conoce d\u00f3nde se celebra WordCamp Irun 2022 \/ Ezagutu non ospatuko den WordCamp Irun 2022<\/strong><\/a><\/figcaption><\/figure>\n\n\n\n<p class=\"has-text-align-center wp-block-paragraph\">Edificio Palmera Montero<br>Leandro Agirretxe Plazatxoa, 1, <br>20304 Irun, Gipuzkoa<br><a href=\"https:\/\/goo.gl\/maps\/vcSTqqAPkAVDqb1L8\" target=\"_blank\" rel=\"noreferrer noopener\">Ver en Google Maps<\/a><\/p>\n<\/div><\/section>\n\n\n\n<hr class=\"wp-block-separator has-css-opacity\" \/>\n\n\n\n<section class=\"wp-block-group wci-home-intro has-background\" style=\"background-color:#f7efd5\"><div class=\"wp-block-group__inner-container is-layout-flow wp-block-group-is-layout-flow\">\n<div class=\"wp-block-columns is-layout-flex wp-container-core-columns-is-layout-8f761849 wp-block-columns-is-layout-flex\">\n<div class=\"wp-block-column is-layout-flow wp-block-column-is-layout-flow\" style=\"flex-basis:66.66%\">\n<h2 class=\"has-text-color wp-block-heading\" id=\"la-pequena-wordcamp-mas-grande-de-espana\" style=\"color:#c91c21;font-style:normal;font-weight:700\">La peque\u00f1a WordCamp m\u00e1s grande de Espa\u00f1a<\/h2>\n\n\n\n<p class=\"wp-block-paragraph\">Tras un par\u00f3n de 2 a\u00f1os, obligados por la pandemia, ya est\u00e1 de vuelta WordCamp Irun. El pr\u00f3ximo 21 de mayo se iniciar\u00e1 el tercer evento de este tipo que se celebra en la provincia de Gipuzkoa tras el \u00e9xito de las dos ediciones anteriores.<\/p>\n\n\n\n<p class=\"wp-block-paragraph\">Queremos que tu tambi\u00e9n seas parte de WC Irun 2022, <strong>compra tu entrada y reserva ya el 21 y 22 de mayo en tu calendario!<\/strong><\/p>\n<\/div>\n\n\n\n<div class=\"wp-block-column is-layout-flow wp-block-column-is-layout-flow\" style=\"flex-basis:33.33%\">\n<figure class=\"wp-block-image size-medium\"><img loading=\"lazy\" decoding=\"async\" width=\"300\" height=\"277\" src=\"https:\/\/irun.wordcamp.org\/2022\/files\/2022\/03\/wc-irun-dates-300x277.png\" alt=\"\" class=\"wp-image-1042\" srcset=\"https:\/\/irun.wordcamp.org\/2022\/files\/2022\/03\/wc-irun-dates-300x277.png 300w, https:\/\/irun.wordcamp.org\/2022\/files\/2022\/03\/wc-irun-dates-1024x944.png 1024w, https:\/\/irun.wordcamp.org\/2022\/files\/2022\/03\/wc-irun-dates-768x708.png 768w, https:\/\/irun.wordcamp.org\/2022\/files\/2022\/03\/wc-irun-dates-325x300.png 325w, https:\/\/irun.wordcamp.org\/2022\/files\/2022\/03\/wc-irun-dates-1536x1416.png 1536w, https:\/\/irun.wordcamp.org\/2022\/files\/2022\/03\/wc-irun-dates.png 1755w\" sizes=\"auto, (max-width: 300px) 100vw, 300px\" \/><\/figure>\n<\/div>\n<\/div>\n<\/div><\/section>\n\n\n\n<section class=\"wp-block-group wci-home-intro has-background\" style=\"background-color:#f7efd5\"><div class=\"wp-block-group__inner-container is-layout-flow wp-block-group-is-layout-flow\">\n<div class=\"wp-block-columns is-layout-flex wp-container-core-columns-is-layout-8f761849 wp-block-columns-is-layout-flex\">\n<div class=\"wp-block-column is-layout-flow wp-block-column-is-layout-flow\" style=\"flex-basis:33.33%\">\n<figure class=\"wp-block-image size-full is-resized\"><img loading=\"lazy\" decoding=\"async\" src=\"https:\/\/irun.wordcamp.org\/2022\/files\/2022\/04\/wc_irun.jpg\" alt=\"\" class=\"wp-image-1223\" width=\"218\" height=\"285\" srcset=\"https:\/\/irun.wordcamp.org\/2022\/files\/2022\/04\/wc_irun.jpg 600w, https:\/\/irun.wordcamp.org\/2022\/files\/2022\/04\/wc_irun-229x300.jpg 229w\" sizes=\"auto, (max-width: 218px) 100vw, 218px\" \/><\/figure>\n<\/div>\n\n\n\n<div class=\"wp-block-column is-layout-flow wp-block-column-is-layout-flow\" style=\"flex-basis:66.66%\">\n<h2 class=\"has-text-color wp-block-heading\" id=\"la-pequena-wordcamp-mas-grande-de-espana\" style=\"color:#c91c21;font-style:normal;font-weight:700\">Espainiako WordCamp txikirik handiena<\/h2>\n\n\n\n<p class=\"wp-block-paragraph\">2 urteko atsedenaldiaren ostean, pandemiak behartuta, WordCamp Irun itzuli da. Gipuzkoako lurraldean ospatuko den mota honetako hirugarren ekitaldia maiatzaren 21ean hasiko da, aurreko bi edizioetan izandako arrakastaren ostean.<\/p>\n\n\n\n<p class=\"wp-block-paragraph\">Zu ere WC Irun 2022ko parte izatea nahi dugu, <strong>erosi zure sarrera eta erreserbatu maiatzak 21 eta 22 zure egutegian orain<\/strong>!<\/p>\n<\/div>\n<\/div>\n<\/div><\/section>\n\n\n\n<section class=\"wp-block-group latestnews has-background\" style=\"background-color:#f7efd5\"><div class=\"wp-block-group__inner-container is-layout-flow wp-block-group-is-layout-flow\">\n<div class=\"wp-block-group is-layout-flex wp-block-group-is-layout-flex\">\n<h3 class=\"wp-block-heading\" id=\"ultimas-noticias-azken-berriak\">\u00daltimas noticias \/ Azken berriak<\/h3>\n\n\n<ul class=\"wp-block-latest-posts__list is-grid columns-3 has-dates wp-block-latest-posts\"><li><div class=\"wp-block-latest-posts__featured-image\"><a href=\"https:\/\/irun.wordcamp.org\/2022\/fotos-y-videos-de-wordcamp-irun-2022\/\" aria-label=\"FOTOS Y VIDEOS DE WORDCAMP IRUN 2022\"><img loading=\"lazy\" decoding=\"async\" width=\"300\" height=\"200\" src=\"https:\/\/irun.wordcamp.org\/2022\/files\/2022\/05\/52089141525_3ebdcc58a5_k-300x200.jpeg\" class=\"attachment-medium size-medium wp-post-image\" alt=\"\" style=\"\" srcset=\"https:\/\/irun.wordcamp.org\/2022\/files\/2022\/05\/52089141525_3ebdcc58a5_k-300x200.jpeg 300w, https:\/\/irun.wordcamp.org\/2022\/files\/2022\/05\/52089141525_3ebdcc58a5_k-1024x683.jpeg 1024w, https:\/\/irun.wordcamp.org\/2022\/files\/2022\/05\/52089141525_3ebdcc58a5_k-768x512.jpeg 768w, https:\/\/irun.wordcamp.org\/2022\/files\/2022\/05\/52089141525_3ebdcc58a5_k-450x300.jpeg 450w, https:\/\/irun.wordcamp.org\/2022\/files\/2022\/05\/52089141525_3ebdcc58a5_k-1536x1024.jpeg 1536w, https:\/\/irun.wordcamp.org\/2022\/files\/2022\/05\/52089141525_3ebdcc58a5_k.jpeg 2048w\" sizes=\"auto, (max-width: 300px) 100vw, 300px\" \/><\/a><\/div><a class=\"wp-block-latest-posts__post-title\" href=\"https:\/\/irun.wordcamp.org\/2022\/fotos-y-videos-de-wordcamp-irun-2022\/\">FOTOS Y VIDEOS DE WORDCAMP IRUN 2022<\/a><time datetime=\"2022-05-24T11:44:49+02:00\" class=\"wp-block-latest-posts__post-date\">24 de mayo, 2022<\/time><div class=\"wp-block-latest-posts__post-excerpt\">\u00bfAun os dura la resaca generada por WordCamp Irun? Queremos compartir con todos vosotros las fotograf\u00edas de todo lo que sucedi\u00f3 durante WordCamp Irun 2022 #WCIrun. Estas fotos han sido realizadas por Josean Rodriguez y Juan Carlos Gil \u2018Talo\u2019, Nuestro fot\u00f3grafos de referencia. Todos los a\u00f1os trabajan muy duro para que teng\u00e1is unos recuerdos de &hellip; <a href=\"https:\/\/irun.wordcamp.org\/2022\/fotos-y-videos-de-wordcamp-irun-2022\/\" class=\"more-link\">Sigue leyendo<span class=\"screen-reader-text\"> \u00abFOTOS Y VIDEOS DE WORDCAMP IRUN 2022\u00bb<\/span><\/a><\/div><\/li>\n<li><div class=\"wp-block-latest-posts__featured-image\"><a href=\"https:\/\/irun.wordcamp.org\/2022\/asi-es-el-venue-de-wordcamp-irun\/\" aria-label=\"As\u00ed es el \u2018venue\u2019 de WordCamp Irun\"><img loading=\"lazy\" decoding=\"async\" width=\"300\" height=\"153\" src=\"https:\/\/irun.wordcamp.org\/2022\/files\/2022\/05\/MU-01-300x153.jpg\" class=\"attachment-medium size-medium wp-post-image\" alt=\"\" style=\"\" srcset=\"https:\/\/irun.wordcamp.org\/2022\/files\/2022\/05\/MU-01-300x153.jpg 300w, https:\/\/irun.wordcamp.org\/2022\/files\/2022\/05\/MU-01-1024x524.jpg 1024w, https:\/\/irun.wordcamp.org\/2022\/files\/2022\/05\/MU-01-768x393.jpg 768w, https:\/\/irun.wordcamp.org\/2022\/files\/2022\/05\/MU-01-500x256.jpg 500w, https:\/\/irun.wordcamp.org\/2022\/files\/2022\/05\/MU-01.jpg 1500w\" sizes=\"auto, (max-width: 300px) 100vw, 300px\" \/><\/a><\/div><a class=\"wp-block-latest-posts__post-title\" href=\"https:\/\/irun.wordcamp.org\/2022\/asi-es-el-venue-de-wordcamp-irun\/\">As\u00ed es el \u2018venue\u2019 de WordCamp Irun<\/a><time datetime=\"2022-05-13T09:57:42+02:00\" class=\"wp-block-latest-posts__post-date\">13 de mayo, 2022<\/time><div class=\"wp-block-latest-posts__post-excerpt\">\u00bfTe gustar\u00eda conocer el espacio en el que se va a celebrar WordCamp Irun?<\/div><\/li>\n<li><div class=\"wp-block-latest-posts__featured-image\"><a href=\"https:\/\/irun.wordcamp.org\/2022\/porque-no-todo-es-wordcamp-que-ver-en-irun\/\" aria-label=\"Porque no todo es WordCamp: \u00bfQu\u00e9 ver en Irun?\"><img loading=\"lazy\" decoding=\"async\" width=\"300\" height=\"225\" src=\"https:\/\/irun.wordcamp.org\/2022\/files\/2022\/04\/oiasso-300x225.jpg\" class=\"attachment-medium size-medium wp-post-image\" alt=\"\" style=\"\" srcset=\"https:\/\/irun.wordcamp.org\/2022\/files\/2022\/04\/oiasso-300x225.jpg 300w, https:\/\/irun.wordcamp.org\/2022\/files\/2022\/04\/oiasso-1024x768.jpg 1024w, https:\/\/irun.wordcamp.org\/2022\/files\/2022\/04\/oiasso-768x576.jpg 768w, https:\/\/irun.wordcamp.org\/2022\/files\/2022\/04\/oiasso-400x300.jpg 400w, https:\/\/irun.wordcamp.org\/2022\/files\/2022\/04\/oiasso.jpg 1280w\" sizes=\"auto, (max-width: 300px) 100vw, 300px\" \/><\/a><\/div><a class=\"wp-block-latest-posts__post-title\" href=\"https:\/\/irun.wordcamp.org\/2022\/porque-no-todo-es-wordcamp-que-ver-en-irun\/\">Porque no todo es WordCamp: \u00bfQu\u00e9 ver en Irun?<\/a><time datetime=\"2022-05-04T13:09:57+02:00\" class=\"wp-block-latest-posts__post-date\">4 de mayo, 2022<\/time><div class=\"wp-block-latest-posts__post-excerpt\">Euskaraz irakurri S\u00ed, estamos rodeados de montes, playas, museos y buena comida. Pod\u00e9is ir haciendo boca con los itinerarios y puntos de inter\u00e9s que os propon\u00edamos en a\u00f1os anteriores en \u00bfD\u00f3nde? La gu\u00eda definitiva:&nbsp;<\/div><\/li>\n<\/ul>\n\n\n<div class=\"wp-block-buttons is-layout-flex wp-block-buttons-is-layout-flex\"><\/div>\n<\/div>\n<\/div><\/section>\n\n\n\n<section class=\"wp-block-group people has-background\" style=\"background-color:#f7efd5\"><div class=\"wp-block-group__inner-container is-layout-flow wp-block-group-is-layout-flow\">\n<h3 class=\"has-text-align-center wp-block-heading\" id=\"personas-involucradas\">Personas involucradas<\/h3>\n\n\n\n<div class=\"wp-block-columns is-layout-flex wp-container-core-columns-is-layout-8f761849 wp-block-columns-is-layout-flex\">\n<div class=\"wp-block-column has-background is-layout-flow wp-block-column-is-layout-flow\" style=\"background-color:#c91c21\">\n<h4 class=\"wp-block-heading\" id=\"conoce-anuestros-ponentes\">Conoce a<br>nuestros ponentes<\/h4>\n<\/div>\n\n\n\n<div class=\"wp-block-column has-background is-layout-flow wp-block-column-is-layout-flow\" style=\"background-color:#c91c21\">\n<h4 class=\"wp-block-heading\" id=\"conoce-alos-organizadores\">Conoce a<br>los organizadores<\/h4>\n<\/div>\n\n\n\n<div class=\"wp-block-column has-background is-layout-flow wp-block-column-is-layout-flow\" style=\"background-color:#c91c21\">\n<h4 class=\"wp-block-heading\" id=\"conoce-alos-voluntarios\">Conoce a<br>los voluntarios<\/h4>\n<\/div>\n<\/div>\n<\/div><\/section>\n","protected":false},"excerpt":{"rendered":"<p>WordCampIrun Maiatzaren 21 \u2013 22 de mayo ESKERRIK ASKO PARTE HARTZAILE GUZTIEI ETA DATORREN URTERA ARTE! GRACIAS A TODOS LOS PARTICIPANTES Y HASTA EL A\u00d1O QUE VIENE Sigue la WordCamp en directo Streaming Track A Streaming Track B Edificio Palmera MonteroLeandro Agirretxe Plazatxoa, 1, 20304 Irun, GipuzkoaVer en Google Maps La peque\u00f1a WordCamp m\u00e1s grande &hellip; <a href=\"https:\/\/irun.wordcamp.org\/2022\/\" class=\"more-link\">Sigue leyendo<span class=\"screen-reader-text\"> \u00abWordCamp Irun\u00bb<\/span><\/a><\/p>\n","protected":false},"author":13352881,"featured_media":1042,"parent":0,"menu_order":0,"comment_status":"closed","ping_status":"closed","template":"","meta":{"_crdt_document":"","jetpack_post_was_ever_published":false,"footnotes":""},"class_list":["post-380","page","type-page","status-publish","has-post-thumbnail","hentry"],"jetpack_sharing_enabled":true,"_links":{"self":[{"href":"https:\/\/irun.wordcamp.org\/2022\/wp-json\/wp\/v2\/pages\/380","targetHints":{"allow":["GET"]}}],"collection":[{"href":"https:\/\/irun.wordcamp.org\/2022\/wp-json\/wp\/v2\/pages"}],"about":[{"href":"https:\/\/irun.wordcamp.org\/2022\/wp-json\/wp\/v2\/types\/page"}],"author":[{"embeddable":true,"href":"https:\/\/irun.wordcamp.org\/2022\/wp-json\/wp\/v2\/users\/13352881"}],"replies":[{"embeddable":true,"href":"https:\/\/irun.wordcamp.org\/2022\/wp-json\/wp\/v2\/comments?post=380"}],"version-history":[{"count":169,"href":"https:\/\/irun.wordcamp.org\/2022\/wp-json\/wp\/v2\/pages\/380\/revisions"}],"predecessor-version":[{"id":2253,"href":"https:\/\/irun.wordcamp.org\/2022\/wp-json\/wp\/v2\/pages\/380\/revisions\/2253"}],"wp:featuredmedia":[{"embeddable":true,"href":"https:\/\/irun.wordcamp.org\/2022\/wp-json\/wp\/v2\/media\/1042"}],"wp:attachment":[{"href":"https:\/\/irun.wordcamp.org\/2022\/wp-json\/wp\/v2\/media?parent=380"}],"curies":[{"name":"wp","href":"https:\/\/api.w.org\/{rel}","templated":true}]}}