{"id":12,"date":"2021-11-16T10:35:18","date_gmt":"2021-11-16T09:35:18","guid":{"rendered":"https:\/\/irun.wordcamp.org\/2022\/organizers\/"},"modified":"2022-04-29T12:10:41","modified_gmt":"2022-04-29T10:10:41","slug":"organizers","status":"publish","type":"page","link":"https:\/\/irun.wordcamp.org\/2022\/organizers\/","title":{"rendered":"Organizadores \/ Antolatzaileak"},"content":{"rendered":"<ul class=\"wordcamp-block wordcamp-post-list has-layout-list wordcamp-organizers\"><li class=\"wordcamp-post-list__post wordcamp-clearfix\">\n<div class=\"wordcamp-organizer wordcamp-organizers__post slug-iban-vaquero\">\n\t<h3 class=\"wordcamp-block__item-title wordcamp-organizers__title\">Iban Vaquero<\/h3>\n\t\t\t<div class=\"wordcamp-image__avatar-container align-none\">\n\t\t\t<img decoding=\"async\" src=\"https:\/\/secure.gravatar.com\/avatar\/423e622c6f6944625ff697862261f17845e7a4facb825f15c5720abe1024d51b?s=150&amp;d=mm&amp;r=g\" alt=\"Avatar de Iban Vaquero\" \/>\t\t<\/div>\n\t\n\t\t\t<div class=\"wordcamp-block__item-content wordcamp-organizers__content is-full\"><p class=\"wp-block-paragraph\">Soy dise\u00f1ador Gr\u00e1fico desde el 2000 y programador web desde 2012. Me estoy especializando en WordPress y he realizado y colaborado en varios proyectos.<br \/>No se exactamente cuando conoc\u00ed WordPress pero lo he vuelto a retomar con fuerza en el 2015.<\/p>\n<p class=\"wp-block-paragraph\">Soy colaborador de la meetup de Irun y coorganizador de la I y II WordCamp de Irun.<\/p>\n<p class=\"wp-block-paragraph\"><a href=\"http:\/\/www.ibanvaquero.com\" target=\"_blank\" rel=\"noreferrer noopener\">www.ibanvaquero.com<\/a><\/p>\n<\/div>\t<\/div>\n\n<\/li><li class=\"wordcamp-post-list__post wordcamp-clearfix\">\n<div class=\"wordcamp-organizer wordcamp-organizers__post slug-josean-rodriguez\">\n\t<h3 class=\"wordcamp-block__item-title wordcamp-organizers__title\">Josean Rodr\u00edguez<\/h3>\n\t\t\t<div class=\"wordcamp-image__avatar-container align-none\">\n\t\t\t<img loading=\"lazy\" decoding=\"async\" width=\"150\" height=\"150\" src=\"https:\/\/irun.wordcamp.org\/2022\/files\/2022\/02\/joseanRGB-150x150.jpg\" class=\"attachment-150x150 size-150x150 wp-post-image\" alt=\"Avatar de Josean Rodr\u00edguez\" srcset=\"https:\/\/irun.wordcamp.org\/2022\/files\/2022\/02\/joseanRGB-150x150.jpg 150w, https:\/\/irun.wordcamp.org\/2022\/files\/2022\/02\/joseanRGB.jpg 200w\" sizes=\"auto, (max-width: 150px) 100vw, 150px\" \/>\t\t<\/div>\n\t\n\t\t\t<div class=\"wordcamp-block__item-content wordcamp-organizers__content is-full\"><p class=\"wp-block-paragraph\">Jubileta a la fuerza pero con muchas ganas de seguir activo. Tecn\u00f3crata por naturaleza. Ex programador de grandes sistemas CICS de IBM con lenguajes COBOL, AS (Application System), \u2026 muy apartado de las nuevas tendencias CMS con las que cada vez me siento m\u00e1s c\u00f3modo y por eso me gusta tanto WordPress.Estos son mis principio y si no os gustan, tengo otros.<\/p>\n<\/div>\t<\/div>\n\n<\/li><li class=\"wordcamp-post-list__post wordcamp-clearfix\">\n<div class=\"wordcamp-organizer wordcamp-organizers__post slug-mikel-ecenarro\">\n\t<h3 class=\"wordcamp-block__item-title wordcamp-organizers__title\">Mikel Ecenarro<\/h3>\n\t\t\t<div class=\"wordcamp-image__avatar-container align-none\">\n\t\t\t<img loading=\"lazy\" decoding=\"async\" width=\"150\" height=\"150\" src=\"https:\/\/irun.wordcamp.org\/2022\/files\/2022\/02\/1517713352374-150x150.jpg\" class=\"attachment-150x150 size-150x150 wp-post-image\" alt=\"Avatar de Mikel Ecenarro\" srcset=\"https:\/\/irun.wordcamp.org\/2022\/files\/2022\/02\/1517713352374-150x150.jpg 150w, https:\/\/irun.wordcamp.org\/2022\/files\/2022\/02\/1517713352374.jpg 200w\" sizes=\"auto, (max-width: 150px) 100vw, 150px\" \/>\t\t<\/div>\n\t\n\t\t\t<div class=\"wordcamp-block__item-content wordcamp-organizers__content is-full\"><p class=\"wp-block-paragraph\">Programador con m\u00e1s de 15 a\u00f1os de experiencia, entonces se maquetaba con tablas, las animaciones se hac\u00edan con flash y hab\u00eda que tener cuidado con no meter muchas im\u00e1genes para que el sitio web.<\/p>\n<p class=\"wp-block-paragraph\">Seriedad, transparencia, atenci\u00f3n a los detalles, no decir amen a todo lo que el cliente propone, cumplir los plazos de entrega\u2026 Todo eso que cualquier buen profesional deber\u00eda cumplir pero que no todos hacen.<\/p>\n<\/div>\t<\/div>\n\n<\/li><li class=\"wordcamp-post-list__post wordcamp-clearfix\">\n<div class=\"wordcamp-organizer wordcamp-organizers__post slug-olivier-carrion\">\n\t<h3 class=\"wordcamp-block__item-title wordcamp-organizers__title\">Olivier Carri\u00f3n<\/h3>\n\t\t\t<div class=\"wordcamp-image__avatar-container align-none\">\n\t\t\t<img loading=\"lazy\" decoding=\"async\" width=\"150\" height=\"150\" src=\"https:\/\/irun.wordcamp.org\/2022\/files\/2022\/02\/c6315eb34aec3e592aac2aa6255c6962-150x150.jpg\" class=\"attachment-150x150 size-150x150 wp-post-image\" alt=\"Avatar de Olivier Carri\u00f3n\" srcset=\"https:\/\/irun.wordcamp.org\/2022\/files\/2022\/02\/c6315eb34aec3e592aac2aa6255c6962-150x150.jpg 150w, https:\/\/irun.wordcamp.org\/2022\/files\/2022\/02\/c6315eb34aec3e592aac2aa6255c6962.jpg 200w\" sizes=\"auto, (max-width: 150px) 100vw, 150px\" \/>\t\t<\/div>\n\t\n\t\t\t<div class=\"wordcamp-block__item-content wordcamp-organizers__content is-full\"><p class=\"wp-block-paragraph\">Soy asistente digital desde el 2001, administro las web de peque\u00f1as empresas. He realizado y colaborado en varios proyectos con WordPress.<\/p>\n<p class=\"wp-block-paragraph\">Soy asiduo a las meetup de Irun y voluntario de la I y II WordCamp de Irun.<\/p>\n<p class=\"wp-block-paragraph\"><a href=\"https:\/\/www.etchenet.com\" target=\"_blank\" rel=\"noreferrer noopener\">www.etchenet.com<\/a><\/p>\n<\/div>\t<\/div>\n\n<\/li><li class=\"wordcamp-post-list__post wordcamp-clearfix\">\n<div class=\"wordcamp-organizer wordcamp-organizers__post slug-sergio-r-castillo\">\n\t<h3 class=\"wordcamp-block__item-title wordcamp-organizers__title\">Sergio R. Castillo<\/h3>\n\t\t\t<div class=\"wordcamp-image__avatar-container align-none\">\n\t\t\t<img loading=\"lazy\" decoding=\"async\" width=\"150\" height=\"150\" src=\"https:\/\/irun.wordcamp.org\/2022\/files\/2022\/02\/Sergio-150x150.jpg\" class=\"attachment-150x150 size-150x150 wp-post-image\" alt=\"Avatar de Sergio R. Castillo\" \/>\t\t<\/div>\n\t\n\t\t\t<div class=\"wordcamp-block__item-content wordcamp-organizers__content is-full\"><p class=\"wp-block-paragraph\">CoAutor junto con Alexis Vicente del podcast \u00ab<strong>As\u00ed NO lo hacemos<\/strong>\u00ab. Podcast semanal donde contamos todos los proyectos que nunca hacemos. <\/p>\n<p class=\"wp-block-paragraph\">Apasionado de la inform\u00e1tica desde que tuve mi Spectrum+, aunque no me gano la vida con ello, pero podr\u00eda. <\/p>\n<p class=\"wp-block-paragraph\">Mi relaci\u00f3n con WordPress comenz\u00f3 a finales de 2008 creando un blog en WordPress.com. El salto al .org vino hace unos a\u00f1os. Desde entonces no he dejado de aprender todo lo que he podido, gracias, entre otros, a la comunidad que se cre\u00f3 en Irun. <\/p>\n<p class=\"wp-block-paragraph\">Disfruto del buen cine, el jam\u00f3n serrano y de la tortilla de patata <strong>SIN<\/strong> cebolla.<\/p>\n<p class=\"wp-block-paragraph\">\n<\/div>\t<\/div>\n\n<\/li><\/ul>","protected":false},"excerpt":{"rendered":"","protected":false},"author":15603590,"featured_media":0,"parent":0,"menu_order":0,"comment_status":"closed","ping_status":"closed","template":"","meta":{"_crdt_document":"","jetpack_post_was_ever_published":false,"footnotes":""},"class_list":["post-12","page","type-page","status-publish","hentry"],"jetpack_sharing_enabled":true,"_links":{"self":[{"href":"https:\/\/irun.wordcamp.org\/2022\/wp-json\/wp\/v2\/pages\/12","targetHints":{"allow":["GET"]}}],"collection":[{"href":"https:\/\/irun.wordcamp.org\/2022\/wp-json\/wp\/v2\/pages"}],"about":[{"href":"https:\/\/irun.wordcamp.org\/2022\/wp-json\/wp\/v2\/types\/page"}],"author":[{"embeddable":true,"href":"https:\/\/irun.wordcamp.org\/2022\/wp-json\/wp\/v2\/users\/15603590"}],"replies":[{"embeddable":true,"href":"https:\/\/irun.wordcamp.org\/2022\/wp-json\/wp\/v2\/comments?post=12"}],"version-history":[{"count":1,"href":"https:\/\/irun.wordcamp.org\/2022\/wp-json\/wp\/v2\/pages\/12\/revisions"}],"predecessor-version":[{"id":1711,"href":"https:\/\/irun.wordcamp.org\/2022\/wp-json\/wp\/v2\/pages\/12\/revisions\/1711"}],"wp:attachment":[{"href":"https:\/\/irun.wordcamp.org\/2022\/wp-json\/wp\/v2\/media?parent=12"}],"curies":[{"name":"wp","href":"https:\/\/api.w.org\/{rel}","templated":true}]}}