{"id":145,"date":"2020-01-11T10:25:15","date_gmt":"2020-01-11T10:25:15","guid":{"rendered":"https:\/\/2020.irun.wordcamp.org\/?page_id=145"},"modified":"2020-02-19T12:45:37","modified_gmt":"2020-02-19T11:45:37","slug":"localizacion-kokapena","status":"publish","type":"page","link":"https:\/\/irun.wordcamp.org\/2020\/localizacion-kokapena\/","title":{"rendered":"Localizaci\u00f3n"},"content":{"rendered":"\r\n<p style=\"text-align: right\"><a href=\"#euskaraz\">Euskaraz irakurri<\/a><\/p>\r\n\r\n\r\n\r\n<p><strong>Irun<\/strong>\u00a0es la segunda ciudad m\u00e1s grande de\u00a0<strong>Gipuzkoa<\/strong>\u00a0y est\u00e1 razonablemente bien comunicada. Podr\u00e1s llegar en avi\u00f3n, tren, autob\u00fas y coche de forma sencilla .<\/p>\r\n\r\n\r\n\r\n<h2 class=\"wp-block-heading\">C\u00f3mo llegar en avi\u00f3n a Irun<\/h2>\r\n\r\n\r\n\r\n<p>A solo 2km y conectado fundamentalmente con taxi (el autob\u00fas s\u00f3lo para si hay gente) tenemos el\u00a0<a href=\"http:\/\/www.aena.es\/es\/aeropuerto-san-sebastian\/index.html\" target=\"_blank\" rel=\"noopener noreferrer\">Aeropuerto de San Sebastian<\/a>, que recibe vuelos desde Madrid y Barcelona todos los d\u00edas.<\/p>\r\n\r\n\r\n\r\n<p>A 120km tenemos el\u00a0<a href=\"http:\/\/www.aena.es\/es\/aeropuerto-bilbao\/index.html\" target=\"_blank\" rel=\"noopener noreferrer\">Aeropuerto de Bilbao-Loiu<\/a> con mejores conexiones con otros aeropuertos nacionales y que dispone de una linea de autob\u00fas con San Sebasti\u00e1n-Donostia con la compa\u00f1\u00eda\u00a0<a href=\"http:\/\/www.pesa.net\/pesa\/es\/inicio\" target=\"_blank\" rel=\"noopener noreferrer\">PESA<\/a>.<\/p>\r\n\r\n\r\n\r\n<h2 class=\"wp-block-heading\"><img decoding=\"async\" class=\"wp-image-1384\" style=\"font-size: 12px\" src=\"https:\/\/2019.irun.wordcamp.org\/files\/2019\/04\/urdanibia6-1024x512.jpg\" alt=\"\" \/><\/h2>\r\n<h2>C\u00f3mo llegar en tren a Irun<\/h2>\r\n\r\n\r\n\r\n<p>La\u00a0<a href=\"https:\/\/www.google.es\/maps\/place\/Ir%C3%BAn\/@43.3396918,-1.7992447,15z\/data=!4m8!1m2!2m1!1sEstacion+de+renfe+-+Irun!3m4!1s0xd51085b7ca8eaf3:0x3deab2b21dcc4f01!8m2!3d43.3394826!4d-1.8012755\" target=\"_blank\" rel=\"noopener noreferrer\">estaci\u00f3n de tren de\u00a0<strong>RENFE<\/strong>\u00a0de Irun<\/a>\u00a0es un punto con conexiones con toda la geograf\u00eda nacional e internacional a trav\u00e9s de Francia. Adem\u00e1s es la terminal del Cercan\u00edas que sigue la linea paralela a la carretera N1 por la provincia.<\/p>\r\n\r\n\r\n\r\n<p>La\u00a0<a href=\"https:\/\/www.google.es\/maps\/place\/Irun\/@43.3397529,-1.7993305,15z\/data=!4m8!1m2!2m1!1sEstacion+de+euskotren+-+Irun!3m4!1s0xd510859106d9623:0x4abdeca00523f0ac!8m2!3d43.3409627!4d-1.7960874\" target=\"_blank\" rel=\"noopener noreferrer\">estaci\u00f3n de\u00a0<strong>EuskoTren<\/strong><\/a>\u00a0(conocido como\u00a0<em>el Topo<\/em>, una especie de metro que conecta con SS y toda la linea de costa de la provincia hasta Bilbao.<\/p>\r\n\r\n\r\n\r\n<h2 class=\"wp-block-heading\">C\u00f3mo llegar en autob\u00fas a Irun<\/h2>\r\n\r\n\r\n\r\n<p>La\u00a0<a href=\"https:\/\/www.google.es\/maps\/place\/Ir%C3%BAn\/@43.3396918,-1.7992447,15z\/data=!4m8!1m2!2m1!1sEstacion+de+renfe+-+Irun!3m4!1s0xd51085b7ca8eaf3:0x3deab2b21dcc4f01!8m2!3d43.3394826!4d-1.8012755\" target=\"_blank\" rel=\"noopener noreferrer\">estaci\u00f3n de autob\u00fas de Irun se encuentra junto a la de tren de\u00a0<strong>RENFE<\/strong>\u00a0<\/a>\u00a0y es un punto con varias conexiones con toda la geograf\u00eda espa\u00f1ola.<\/p>\r\n\r\n\r\n\r\n<h2 class=\"wp-block-heading\">C\u00f3mo llegar en coche a Irun<\/h2>\r\n\r\n\r\n\r\n<p>Por carretera se puede llegar a Irun por la AP1 por Burgos, AP8 por Bilbao y cornisa cant\u00e1brica y N121 por Pamplona (o A15 + N1 si se prefiere autov\u00eda). Esta ultima es la mejor opci\u00f3n para los que se acerquen desde Aragon o Mediterraneo.<\/p>\r\n\r\n\r\n\r\n<p>En el caso de venir por Francia, la autopista A63 es la mejor opci\u00f3n.<\/p>\r\n\r\n\r\n\r\n\r\n\r\n<p>&nbsp;<\/p>\r\n\r\n\r\n\r\n<figure class=\"wp-block-image\"><img decoding=\"async\" class=\"wp-image-360\" src=\"https:\/\/2019.irun.wordcamp.org\/files\/2019\/02\/MU-WordCamp-Irun-2019-1024x410.jpg\" alt=\"\" \/><\/figure>\r\n\r\n\r\n\r\n<h2 class=\"wp-block-heading\">La sede (venue) de WordCamp Irun<\/h2>\r\n\r\n\r\n\r\n<p><strong>WordCamp Irun<\/strong> se celebrar\u00e1 en las instalaciones de <a href=\"https:\/\/www.mondragon.edu\/es\/inicio\" target=\"_blank\" rel=\"noopener noreferrer\">Mondragon Unibertsitatea<\/a> (Universidad de Mondrag\u00f3n) en el campus del Bidasoa.<\/p>\r\n\r\n\r\n\r\n<p>Se trata de un moderno edificio en el centro de Irun perfectamente accesible que dispone de ascensores y carece de barreras arquitect\u00f3nicas.<br \/>Comparte espacio y servicios con el Centro C\u00edvico Palmera Montero por lo que en los accesos y zonas comunes coincidiremos con otros ciudadanos que disfrutan de otras instalaciones.<\/p>\r\n\r\n\r\n\r\n<p>Mondragon Unibertsitatea ha cedido gratuitamente sus instalaciones como forma de colaboraci\u00f3n con la comunidad WordPress y desde aqu\u00ed queremos agradec\u00e9rselo especialmente.<\/p>\r\n\r\n\r\n<hr class=\"wp-block-separator\" \/>\r\n\r\n<div class=\"googlemaps\">\n\t\t\t\t<iframe loading=\"lazy\" width=\"1220\" height=\"450\" frameborder=\"0\" scrolling=\"no\" marginheight=\"0\" marginwidth=\"0\"  src=\"https:\/\/www.google.com\/maps\/embed?pb=!1m18!1m12!1m3!1d11606.71674309628!2d-1.796811420003443!3d43.341901871742635!2m3!1f0!2f0!3f0!3m2!1i1024!2i768!4f13.1!3m3!1m2!1s0xd510859d7470ccf:0xfe75152882d7dcb2!2sMondragon%20Unibertsitatea%20-%20Enpresagintza,%20Campus%20Bidasoa!5e0!3m2!1ses!2ses!4v1517593426669\"><\/iframe>\n\t\t\t<\/div>\n\r\n\r\n<hr class=\"wp-block-separator\" \/>\r\n\r\n\r\n<h2 class=\"wp-block-heading\">Parkings en el entorno de WordCamp Irun<\/h2>\r\n\r\n\r\n\r\n<p>Los aparcamientos en los alrededores son muy escasos (se trata de una zona residencial muy densa) por lo que os recomendamos acercaros a pie, en transporte p\u00fablico, en bicicleta, patinete&#8230;<\/p>\r\n\r\n\r\n\r\n<p>En caso de emergencia hay un parking muy cercano que pertenece a un supermercado y que os obligar\u00e1 a hacer una compra m\u00ednima para usarlo (es adem\u00e1s muy caro).<\/p>\r\n\r\n\r\n\r\n<p>Junto al ayuntamiento de Irun (a 10 min caminando) est\u00e1 el <a href=\"https:\/\/www.google.es\/maps\/place\/San+Juan+-+Etxeandia\/@43.3396922,-1.7926518,17z\/data=!4m8!1m2!2m1!1sParking+de+san+juan+-+Irun!3m4!1s0xd5108f43eb94871:0x2468592e41f9f271!8m2!3d43.338652!4d-1.789331\" target=\"_blank\" rel=\"noopener noreferrer\"><strong>parking<\/strong> p\u00fablico subterr\u00e1neo de San Juan<\/a> que suele disponer de espacio de sobra.<\/p>\r\n\r\n\r\n\r\n<p>Si vas a dejar el coche aparcado durante todo el fin de semana, el <a href=\"https:\/\/www.google.com\/maps\/place\/FICOBA\/@43.3473679,-1.789666,17z\/data=!3m1!4b1!4m5!3m4!1s0xd5108f6f013ce9f:0xd0a64c6c0ec745d3!8m2!3d43.347364!4d-1.787472\">aparcamiento subterr\u00e1neo de FICOBA<\/a> es gratuito.<\/p>\r\n\r\n\r\n\r\n<p style=\"text-align: right\"><a id=\"euskaraz\" class=\"anchor\"><\/a>Euskaraz<\/p>\r\n<p>\r\n\r\n<\/p>\r\n<h2 class=\"wp-block-heading\">Kokapena<\/h2>\r\n<p>\r\n\r\n<\/p>\r\n<p>Gipuzkoako bigarren hiri handiena da Irun, eta nahiko ondo komunikatuta dago. Hegazkinez, trenez, autobusez eta autoz iritsi ahal izango zara erraz.<\/p>\r\n<p>\r\n\r\n<\/p>\r\n<h3 class=\"wp-block-heading\">NOLA IRITSI IRUNERA HEGAZKINEZ<\/h3>\r\n<p>\r\n\r\n<\/p>\r\n<p><a href=\"http:\/\/www.aena.es\/es\/aeropuerto-san-sebastian\/index.html\" target=\"_blank\" rel=\"noreferrer noopener\" aria-label=\"Donostiako aireportua (opens in a new tab)\">Donostiako aireportua<\/a> daukagu bi kilometrora soilik, batez ere taxiz konektatuta (autobusa jendea baldin badago soilik), eta Madrildik eta Bartzelonatik egunero izaten dira hegaldiak.<\/p>\r\n<p>\r\n\r\n<\/p>\r\n<p>120 kilometrora, <a href=\"http:\/\/www.aena.es\/es\/aeropuerto-bilbao\/index.html\" target=\"_blank\" rel=\"noreferrer noopener\" aria-label=\"Bilbo-Loiuko aireportua (opens in a new tab)\">Bilbo-Loiuko aireportua<\/a> daukagu, estatuko beste aireportu batzuekin konexio hobeak dituena, eta autobus-linea ere badu\u00a0 Donostiarekin konektatzeko, <a href=\"http:\/\/www.pesa.net\/pesa\/es\/inicio\" target=\"_blank\" rel=\"noreferrer noopener\" aria-label=\"PESA (opens in a new tab)\">PESA<\/a> konpainiakoa.<\/p>\r\n<p>\r\n\r\n<\/p>\r\n<h2 class=\"wp-block-heading\"><img decoding=\"async\" class=\"wp-image-1384\" style=\"font-size: 12px\" src=\"https:\/\/2019.irun.wordcamp.org\/files\/2019\/04\/urdanibia6-1024x512.jpg\" alt=\"\" \/><\/h2>\r\n<h3>NOLA IRITSI IRUNERA TRENEZ<\/h3>\r\n<p>\r\n\r\n<\/p>\r\n<p><a href=\"https:\/\/www.google.es\/maps\/place\/Ir%C3%BAn\/@43.3396918,-1.7992447,15z\/data=!4m8!1m2!2m1!1sEstacion+de+renfe+-+Irun!3m4!1s0xd51085b7ca8eaf3:0x3deab2b21dcc4f01!8m2!3d43.3394826!4d-1.8012755\" target=\"_blank\" rel=\"noreferrer noopener\" aria-label=\"Irungo RENFEren tren-geltokia (opens in a new tab)\">Irungo RENFEren tren-geltokia<\/a> estatuko eta Frantzia bidez nazioarteko geografia osoarekiko lotura-toki bat da. Gainera, Aldiriko trenen terminala da, probintziatik N1 errepidearen paraleloan doana.<\/p>\r\n<p>\r\n\r\n<\/p>\r\n<p><a href=\"https:\/\/www.google.es\/maps\/place\/Irun\/@43.3397529,-1.7993305,15z\/data=!4m8!1m2!2m1!1sEstacion+de+euskotren+-+Irun!3m4!1s0xd510859106d9623:0x4abdeca00523f0ac!8m2!3d43.3409627!4d-1.7960874\" target=\"_blank\" rel=\"noreferrer noopener\" aria-label=\"EuskoTrenen geltokia (opens in a new tab)\">EuskoTrenen geltokia<\/a>. Topoa ere esaten zaio; metro baten antzekoa da, Donostiarekin eta probintziako kosta-lerro osoarekin konektatzen duena Bilboraino.<\/p>\r\n<p>\r\n\r\n<\/p>\r\n<h3 class=\"wp-block-heading\">NOLA IRITSI IRUNERA AUTOBUSEZ<\/h3>\r\n<p>\r\n\r\n<\/p>\r\n<p><a href=\"https:\/\/www.google.es\/maps\/place\/Ir%C3%BAn\/@43.3396918,-1.7992447,15z\/data=!4m8!1m2!2m1!1sEstacion+de+renfe+-+Irun!3m4!1s0xd51085b7ca8eaf3:0x3deab2b21dcc4f01!8m2!3d43.3394826!4d-1.8012755\" target=\"_blank\" rel=\"noreferrer noopener\" aria-label=\"Irungo autobus-geltokia Renferen tren-geltokiaren ondoan dago (opens in a new tab)\">Irungo autobus-geltokia Renferen tren-geltokiaren ondoan dago<\/a>, eta toki horretan, gainera, zenbait konexio daude Espainia osoarekin.<\/p>\r\n<p>\r\n\r\n<\/p>\r\n<h3 class=\"wp-block-heading\">NOLA IRITSI IRUNERA AUTOZ<\/h3>\r\n<p>\r\n\r\n<\/p>\r\n<p>AP1 errepidez iritsi daiteke Irunera, Burgosetik; AP8 errepidez, Bilbotik eta Kantauri itsasaldetik, eta N121 errepidez, Iru\u00f1etik (edo A15 + N1, autobidetik nahiago izanez gero). Autobidea da aukerarik onena Aragoitik edo Mediterraneotik datozenentzat.<\/p>\r\n<p>\r\n\r\n<\/p>\r\n<p>Frantziatik etorriz gero, A63 autobidea da aukera onena.<\/p>\r\n<p><img decoding=\"async\" class=\"wp-image-360\" src=\"https:\/\/2019.irun.wordcamp.org\/files\/2019\/02\/MU-WordCamp-Irun-2019-1024x410.jpg\" alt=\"\" \/><\/p>\r\n<p>\r\n\r\n<\/p>\r\n<h3 class=\"wp-block-heading\">WORDCAMP IRUN JARDUNALDIKO EGOITZA (VENUE)\u00a0<\/h3>\r\n<p>\r\n\r\n<\/p>\r\n<p><a href=\"https:\/\/www.mondragon.edu\/es\/inicio\" target=\"_blank\" rel=\"noreferrer noopener\" aria-label=\"Mondragon Unibertsitatearen instalazioetan (opens in a new tab)\">Mondragon Unibertsitatearen instalazioetan<\/a> egingo da WordCamp Irun, Bidasoko campusean.<\/p>\r\n<p>\r\n\r\n<\/p>\r\n<p>Eraikin moderno bat da, Irungo erdialdean dagoena, oso ondo iristeko moduan. Igogailuak dauzka eta ez du arkitektura-oztoporik.<\/p>\r\n<p>\r\n\r\n<\/p>\r\n<p>Tokia eta zerbitzuak partekatzen ditu Palmera Montero auzo-etxearekin; beraz, sarrera eta guztientzako guneetan, beste instalazio batzuk gozatzen dituzten beste herritar batzuk ere topatuko ditugu.<\/p>\r\n<p>\r\n\r\n<\/p>\r\n<p>Mondragon Unibertsitateak dohainik utzi ditu bere instalazioak, WordPress komunitatearekin kolaboratzeko, eta hemendik, bereziki eskertu nahi ditugu.<\/p>\r\n<p>\r\n\r\n<\/p>\r\n<h3 class=\"wp-block-heading\">PARKINGAK WORDCAMP IRUN INGURUAN<\/h3>\r\n<p>\r\n\r\n<\/p>\r\n<p>Inguruetan oso aparkaleku gutxi daude (jende asko bizi den bizitegi-gune bat da); beraz, oinez, garraio publikoan, bizikletaz, patinetean-eta joatea gomendatzen dizuegu.<\/p>\r\n<p>\r\n\r\n<\/p>\r\n<p>Larrialdiren bat gertatuz gero, badago parking bat oso hurbil, supermerkatu batena; gutxienezko erosketa bat egitera behartuko zaituztete, erabili nahi baduzue (oso garestia da, gainera).<\/p>\r\n<p>\r\n\r\n<\/p>\r\n<p>Irungo udaletxearen ondoan (10 minutura oinez), <a href=\"https:\/\/www.google.es\/maps\/place\/San+Juan+-+Etxeandia\/@43.3396922,-1.7926518,17z\/data=!4m8!1m2!2m1!1sParking+de+san+juan+-+Irun!3m4!1s0xd5108f43eb94871:0x2468592e41f9f271!8m2!3d43.338652!4d-1.789331\" target=\"_blank\" rel=\"noreferrer noopener\" aria-label=\"San Juango lurpeko parking publikoa dago (opens in a new tab)\">San Juango lurpeko parking publikoa dago<\/a>, eta nahiko toki izaten da bertan.<\/p>\r\n<p>\r\n\r\n<\/p>\r\n<p>Autoa asteburu osoan aparkatuta utzi behar baduzu, dohainik da <a href=\"https:\/\/www.google.com\/maps\/place\/FICOBA\/@43.3473679,-1.789666,17z\/data=!3m1!4b1!4m5!3m4!1s0xd5108f6f013ce9f:0xd0a64c6c0ec745d3!8m2!3d43.347364!4d-1.787472\" target=\"_blank\" rel=\"noreferrer noopener\" aria-label=\"FICOBAko lurpeko aparkalekua (opens in a new tab)\">FICOBAko lurpeko aparkalekua<\/a>.<\/p>\r\n<p><\/p>","protected":false},"excerpt":{"rendered":"<p>Euskaraz irakurri Irun\u00a0es la segunda ciudad m\u00e1s grande de\u00a0Gipuzkoa\u00a0y est\u00e1 razonablemente bien comunicada. Podr\u00e1s llegar en avi\u00f3n, tren, autob\u00fas y coche de forma sencilla . C\u00f3mo llegar en avi\u00f3n a Irun A solo 2km y conectado fundamentalmente con taxi (el &hellip; <a href=\"https:\/\/irun.wordcamp.org\/2020\/localizacion-kokapena\/\">Sigue leyendo <span class=\"screen-reader-text\">Localizaci\u00f3n<\/span>  <span class=\"meta-nav\">&rarr;<\/span><\/a><\/p>\n","protected":false},"author":16192456,"featured_media":0,"parent":0,"menu_order":0,"comment_status":"closed","ping_status":"closed","template":"","meta":{"jetpack_post_was_ever_published":false,"footnotes":""},"class_list":["post-145","page","type-page","status-publish","hentry"],"jetpack_sharing_enabled":true,"_links":{"self":[{"href":"https:\/\/irun.wordcamp.org\/2020\/wp-json\/wp\/v2\/pages\/145","targetHints":{"allow":["GET"]}}],"collection":[{"href":"https:\/\/irun.wordcamp.org\/2020\/wp-json\/wp\/v2\/pages"}],"about":[{"href":"https:\/\/irun.wordcamp.org\/2020\/wp-json\/wp\/v2\/types\/page"}],"author":[{"embeddable":true,"href":"https:\/\/irun.wordcamp.org\/2020\/wp-json\/wp\/v2\/users\/16192456"}],"replies":[{"embeddable":true,"href":"https:\/\/irun.wordcamp.org\/2020\/wp-json\/wp\/v2\/comments?post=145"}],"version-history":[{"count":4,"href":"https:\/\/irun.wordcamp.org\/2020\/wp-json\/wp\/v2\/pages\/145\/revisions"}],"predecessor-version":[{"id":597,"href":"https:\/\/irun.wordcamp.org\/2020\/wp-json\/wp\/v2\/pages\/145\/revisions\/597"}],"wp:attachment":[{"href":"https:\/\/irun.wordcamp.org\/2020\/wp-json\/wp\/v2\/media?parent=145"}],"curies":[{"name":"wp","href":"https:\/\/api.w.org\/{rel}","templated":true}]}}