{"id":143,"date":"2020-01-11T10:53:25","date_gmt":"2020-01-11T10:53:25","guid":{"rendered":"https:\/\/2020.irun.wordcamp.org\/?page_id=143"},"modified":"2020-01-11T10:53:25","modified_gmt":"2020-01-11T10:53:25","slug":"codigo-de-conducta","status":"publish","type":"page","link":"https:\/\/irun.wordcamp.org\/2020\/codigo-de-conducta\/","title":{"rendered":"C\u00f3digo de conducta"},"content":{"rendered":"\r\n<p class=\"has-text-align-right\"><a href=\"#euskaraz\">Euskaraz irakurri<\/a><\/p>\r\n\r\n<h3>PROP\u00d3SITO<\/h3>\r\n<p><strong>WordCamp Irun cree en una comunidad abierta a todo el mundo.<\/strong>\u00a0Como tal, estamos comprometidos a proporcionar un ambiente amigable, seguro y acogedor para todos independientemente de su sexo, orientaci\u00f3n sexual, discapacidad, etnia, religi\u00f3n, sistema operativo preferido, lenguaje de programaci\u00f3n o editor de texto.<\/p>\r\n<p><strong>Este c\u00f3digo de conducta resume nuestras expectativas<\/strong>\u00a0para el comportamiento de los participantes, as\u00ed como las consecuencias para el comportamiento inaceptable.<\/p>\r\n<p>Instamos a todos los patrocinadores, voluntarios, conferencistas, asistentes y otros participantes para ayudar a tener una experiencia de evento segura y agradable para todos.<\/p>\r\n<h3>CUIDADAN\u00cdA DE C\u00d3DIGO ABIERTO<\/h3>\r\n<p>Un objetivo adicional de este\u00a0<strong>c\u00f3digo de conduct<\/strong>a es incrementar la ciudadan\u00eda de c\u00f3digo abierto alentando a los participantes a reconocer y fortalecer las relaciones entre lo que hacemos y la comunidad en general.<\/p>\r\n<p>En el servicio de este objetivo, los organizadores de\u00a0<strong>WordCamp Irun<\/strong>\u00a0recoger\u00e1n candidaturas de ciudadanos ejemplares a lo largo de todo el evento y reconocer\u00e1n selectos participantes despu\u00e9s de la conferencia en el sitio web.<\/p>\r\n<p>Si ves a alguien que est\u00e1 haciendo un esfuerzo extra para asegurar que nuestra comunidad resulte acogedora, amable, y que\u00a0<strong>anima a todos los participantes a contribuir<\/strong>\u00a0en la mayor medida posible, lo queremos saber.<\/p>\r\n<p>Puedes nominar a alguien en la mesa de registro o dici\u00e9ndolo a alg\u00fan miembro de la organizaci\u00f3n.<\/p>\r\n<h3>COMPORTAMIENTO ESPERADO<\/h3>\r\n<ul>\r\n<li>Ser considerado, respetuoso y colaborativo.<\/li>\r\n<li>Abstenerse de comportamiento degradante, discriminatorio o de acoso y el habla.<\/li>\r\n<li>Ser consciente del entorno y de tus compa\u00f1eros participantes. Alerta a los organizadores si observas una situaci\u00f3n peligrosa o alguien en apuros.<\/li>\r\n<li>Participa de una manera aut\u00e9ntica y activa. Al hacerlo, est\u00e1s ayudando a que\u00a0<strong>WordCamp Irun<\/strong>\u00a0sea una realidad.<\/li>\r\n<\/ul>\r\n<h3>COMPORTAMIENTO INACEPTABLE<\/h3>\r\n<p>Como comportamientos inaceptables se incluyen: intimidatorio, acosador, abusivo, conducta discriminatoria, despectiva o degradante por cualquier asistente de\u00a0<strong>WordCamp Irun<\/strong>\u00a0y eventos relacionados. El lugar donde se realiza\u00a0<strong>WordCamp Irun<\/strong>\u00a0a es un lugar emblem\u00e1tico y puede ser compartido con otros visitantes; por favor, se respetuoso con todos los visitantes de este lugar y con el propio entorno.<\/p>\r\n<p>El acoso incluye: comentarios verbales ofensivos relacionados con el g\u00e9nero, la orientaci\u00f3n sexual, la raza, la religi\u00f3n, la discapacidad; uso inadecuado de desnudez y\/o im\u00e1genes sexuales en espacios p\u00fablicos (incluyendo diapositivas de la presentaci\u00f3n); intimidaci\u00f3n deliberada, acecho o acosar con fotograf\u00eda o grabaci\u00f3n; interrupci\u00f3n sostenida de charlas y otros eventos; contacto f\u00edsico inapropiado y atenci\u00f3n sexual no deseada.<\/p>\r\n<h3>CONSECUENTAS DE UN COMPORTAMIENTO INACEPTABLE<\/h3>\r\n<p>El comportamiento inaceptable no ser\u00e1 tolerado sea por los asistentes, organizadores, personal local, patrocinadores u otros patronos de lugares\u00a0<strong>WordCamp Irun<\/strong>.<\/p>\r\n<p>Se espera que cualquiera cumpla inmediatamente en caso de que se le llame a la atenci\u00f3n por un comportamiento inaceptable.<\/p>\r\n<p>Si un participante se involucra en una conducta inaceptable, los organizadores de la conferencia pueden tomar cualquier acci\u00f3n que consideren apropiada, inclusive la expulsi\u00f3n de la conferencia sin previo aviso o reembolso.<\/p>\r\n<h3>\u00bfQU\u00c9 HACER SI ERES TESTIGO U OBJETO DE UN COMPORTAMIENTO INACEPTABLE?<\/h3>\r\n<p>Si est\u00e1s involucrado en un comportamiento inaceptable, eres testigo de otra persona con dicho comportamiento o tienes otras preocupaciones, por favor notif\u00edcalo a un organizador de la conferencia tan pronto como sea posible.<\/p>\r\n<p>El equipo de\u00a0<strong>WordCamp Irun<\/strong>\u00a0estar\u00e1 disponible para ayudar a los participantes de contactos de seguridad local o para ofrecer cualquier tipo de ayuda a aquellos que experimentan un comportamiento inaceptable.<\/p>\r\n<p>Durante el evento, los voluntarios vestir\u00e1n diferente al resto de asistentes. Cualquier voluntario puede ponerte en contacto con un organizador de la conferencia. Tambi\u00e9n puedes venir a la mesa de inscripci\u00f3n en el vest\u00edbulo y preguntar por los organizadores.<\/p>\r\n<h3>\u00c1MBITO DE APLICACI\u00d3N<\/h3>\r\n<p>Esperamos que todos los participantes de la conferencia (patrocinadores, voluntarios, ponentes, organizadores, asistentes y otros invitados) cumplan con el c\u00f3digo de conducta en todas las salas de conferencias y eventos relacionados con la conferencia.<\/p>\r\n<p><strong>NOTA:<\/strong>\u00a0En todos los casos se deber\u00e1 cumplir con la legislaci\u00f3n vigente en Espa\u00f1a y las diferentes ordenanzas municipales.<\/p>\r\n<h3>INFORMACI\u00d3N DE CONTACTO<\/h3>\r\n<p>Si te ves en la necesidad de contactar con nosotros,\u00a0<a href=\"http:\/\/2018.irun.wordcamp.org\/contacto\/\">esta p\u00e1gina<\/a>\u00a0tiene toda la informaci\u00f3n necesaria.<\/p>\r\n<h3>LICENCIA Y ATRIBUCI\u00d3N<\/h3>\r\n<p>Este\u00a0<strong>C\u00f3digo de Conducta<\/strong>\u00a0es una adaptaci\u00f3n del impresionante trabajo del Open Source Bridge, pero sustituido con nuestra informaci\u00f3n del evento. El original est\u00e1 disponible en<br \/><a href=\"http:\/\/opensourcebridge.org\/about\/code-of-conduct\/\">http:\/\/opensourcebridge.org\/about\/code-of-conduct\/<\/a>\u00a0y est\u00e1 liberado bajo una\u00a0<a href=\"http:\/\/creativecommons.org\/licenses\/by-sa\/3.0\/\">Licencia de Creative Commons Attribution-ShareAlike.<\/a><\/p>\r\n<hr class=\"wp-block-separator\" \/>\r\n\r\n\r\n<p style=\"text-align: right\"><a id=\"euskaraz\" class=\"anchor\" style=\"background-image: url('https:\/\/2019.irun.wordcamp.org\/wp-includes\/js\/tinymce\/skins\/lightgray\/img\/anchor.gif')\"><\/a>Euskaraz<\/p>\r\n\r\n\r\n\r\n<h2 class=\"wp-block-heading\">Jokabide kodea<\/h2>\r\n\r\n\r\n\r\n<h3 class=\"wp-block-heading\">HELBURUA<\/h3>\r\n\r\n\r\n\r\n<p>Mundu guztiari irekia den erkidego batean sinesten du WordCamp Irun proiektuak. Eta hala den aldetik, konprometituta gaude giro adiskidetsu, seguru eta abegitsu bat ematera guztiei, edozein delarik ere sexua, sexu-orientazioa, desgaitasuna, etnia, erlijioa, sistema operatibo gogokoena, programazio-lengoaia edo testu-editorea.<br \/>Parte-hartzaileek nola jokatu behar duten dauzkagun usteak laburtzen ditu jokabide-kode honek, eta baita onartu ezin den jokabiderako ondorioak ere.<br \/>Guztiok jardunaldi-esperientzia seguru eta atsegin bat izan dezagun lagundu dezaten eskatzen diegu babesle, boluntario, hizlari, bertaratu eta beste parte-hartzaile guztiei.<\/p>\r\n\r\n\r\n\r\n<h3 class=\"wp-block-heading\">KODE IREKIKO HERRITARRAK<\/h3>\r\n\r\n\r\n\r\n<p>Jokabide-kode honen helburu gehigarri bat da kode irekiko herritar gehiago izatea, parte-hartzaileak animatuz egiten dugunaren eta erkidego orokorraren arteko harremanak aitortzera eta sendotzera.<\/p>\r\n\r\n\r\n\r\n<p>Helburu horri begira, WordCamp Irun antolatzen dutenek ereduzko herritar-hautagaitzak jasoko dituzte jardunaldi osoan zehar, eta aukerako parte-hartzaileak aitortuko ditu, web gunean hitzaldia eman ondoren.<\/p>\r\n\r\n\r\n\r\n<p>Norbait ikusten baduzu gure erkidegoa abegitsua eta atsegina gertatu dadin ziurtatzeko ahalegin aparta egiten ari dela eta ahalik eta gehien laguntzera animatzen dituela parte-hartzaileak, jakin egin nahi dugu.<\/p>\r\n\r\n\r\n\r\n<p>Norbait proposatu dezakezu erregistro-mahaian, edo antolakuntzako norbaiti esanez.<\/p>\r\n\r\n\r\n\r\n<h3 class=\"wp-block-heading\">ESPERO DEN JOKABIDEA<\/h3>\r\n\r\n\r\n\r\n<p>Begirunetsua, errespetuz betea eta kolaboratiboa izatea.<br \/>Jokabide laidogarririk, diskriminatzailerik ez, ez jazarpenezkorik ez hizkeran.<br \/>Inguruaz eta zure kide parte-hartzaileez kontziente izatea. Ohartarazi antolatzaileei, egoera arriskutsu bat edo norbait larri ikusten baduzu.<br \/>Parte hartu ezazu benetan eta aktiboki. Hori eginda, WordCamp Irun errealitate bat izan dadin laguntzen ari zara.<\/p>\r\n\r\n\r\n\r\n<h3 class=\"wp-block-heading\">JOKABIDE ONARTEZINA<\/h3>\r\n\r\n\r\n\r\n<p>Jokabide hauek onartezinak dira: larderiazkoa, jazarlea, gehiegikeriazkoa, diskriminatzailea, mespretxuzkoa edo laidogarria WordCamp Irun-era eta harekin zerikusia duten ekitaldietara bertaratzen den edozeinen aldetik. WordCamp Irun leku enblematikoan egiten da, eta beste bisitari batzuekin partekatu ahal da; mesedez, errespetatu leku horretako bisitari guztiak eta ingurunea bera.<\/p>\r\n\r\n\r\n\r\n<p>Jazarpena da: ahozko komentario iraingarriak egitea generoari dagokionez, eta sexu-orientazioari, arrazari, erlijioari eta desgaitasunari dagokionez; egoki ez erabiltzea biluztasuna eta\/edo sexu-irudiak toki publikoetan (aurkezpen-diapositibak barne); beldurra nahita eragitea; zelatatzea edo argazki edo grabazioekin jazartzea; hitzaldiak eta beste ekitaldi batzuk behin eta berriz etetea; kontaktu fisiko desegokia eta nahi ez den sexu-arreta edukitzea.<\/p>\r\n\r\n\r\n\r\n<h3 class=\"wp-block-heading\">JOKABIDE ONARTEZINAREN ONDORIOAK<\/h3>\r\n\r\n\r\n\r\n<p>Ez da toleratuko jokabide onartezinik ez bertaratuen aldetik, ez antolatzaileenetik, ez bertako pertsonalaren aldetik edo babesleenetik, edo beste WordCamp Irun leku-patronoenetatik.<br \/>Gaude edonork berehala beteko duela baldin eta jokabide onartezin batengatik kargu hartzen bazaio.<br \/>Parte-hartzaileren bat jokabide onartezin baten tartean sartzen bada, konferentziaren antolatzaileek egoki deritzoten edozein erabaki hartu dezakete, aurretik abisatu gabe konferentzitik botatzea edo dirua itzularaztea barne.<\/p>\r\n\r\n\r\n\r\n<h3 class=\"wp-block-heading\">ZER EGIN JOKABIDE ONARTEZIN BATEN LEKUKO EDO XEDE BALDIN BAZARA?<\/h3>\r\n\r\n\r\n\r\n<p>Jokabide onartezin baten tartean sartuta bazaude, beste pertsona batek jokabide hori duela ikusten baduzu edo beste kezka batzuk baldin badituzu, mesedez, jakinarazi iezaiozu lehenbailehen konferentziaren antolatzaile bati.<br \/>WordCamp Irun-eko taldea prest egongo da tokiko segurtasun-kontaktuetan parte hartzen dutenei laguntzeko edo edozein laguntza-mota eskaintzeko jokabide onartezin bat jasaten dutenei.<br \/>Ekitaldia egin bitartean, bertaratzen diren gainerakoekin bereizteko jantziak jantziko dituzte boluntarioek. Edozein boluntariok jarri ahal zaitu harremanetan konferentziaren antolatzaileekin. Izena emateko mahaira ere etor zaitezke atondora, eta antolatzaileen galde egin.<\/p>\r\n\r\n\r\n\r\n<h3 class=\"wp-block-heading\">APLIKAZIO EREMUA<\/h3>\r\n\r\n\r\n\r\n<p>Gaude konferentzian parte hartzen duten guztiek (babesleak, boluntarioak, txostengileak, antolatzaileak, bertaratuak eta beste gonbidatu batzuk) beteko dutela jokabide-kodea konferentzi-areto guztietan eta konferentziarekin zerikusia duten ekitaldietan.<br \/>OHARRA: Kasu guztietan bete beharko dira Espainian indarrean dagoen legeria eta dagozkion udal-ordenantzak.<\/p>\r\n\r\n\r\n\r\n<h3 class=\"wp-block-heading\">HARREMANETARAKO INFORMAZIOA<\/h3>\r\n\r\n\r\n\r\n<p>Gurekin harremanetan jarri beharrean gertatzen bazara, behar den informazio guztia dauka orri honek.<\/p>\r\n\r\n\r\n\r\n<h3 class=\"wp-block-heading\">LIZENTZIA ETA ESKUDANTZA<\/h3>\r\n\r\n\r\n\r\n<p>Jokabide-kode hau Open Source Bridge-ren lan ikaragarriaren egokitzapen bat da, baina gure ekitaldiaren informazioarekin ordeztuta. Jatorrizkoa eskuragarri dago\u2028http:\/\/opensourcebridge.org\/about\/code-of-conduct\/\u00a0orrian, eta Creative Commons Attribution-ShareAlike delakoaren lizentzia baten pean liberatua dago.<\/p>\r\n","protected":false},"excerpt":{"rendered":"<p>Euskaraz irakurri PROP\u00d3SITO WordCamp Irun cree en una comunidad abierta a todo el mundo.\u00a0Como tal, estamos comprometidos a proporcionar un ambiente amigable, seguro y acogedor para todos independientemente de su sexo, orientaci\u00f3n sexual, discapacidad, etnia, religi\u00f3n, sistema operativo preferido, lenguaje &hellip; <a href=\"https:\/\/irun.wordcamp.org\/2020\/codigo-de-conducta\/\">Sigue leyendo <span class=\"screen-reader-text\">C\u00f3digo de conducta<\/span>  <span class=\"meta-nav\">&rarr;<\/span><\/a><\/p>\n","protected":false},"author":16192456,"featured_media":0,"parent":0,"menu_order":0,"comment_status":"closed","ping_status":"closed","template":"","meta":{"jetpack_post_was_ever_published":false,"footnotes":""},"class_list":["post-143","page","type-page","status-publish","hentry"],"jetpack_sharing_enabled":true,"_links":{"self":[{"href":"https:\/\/irun.wordcamp.org\/2020\/wp-json\/wp\/v2\/pages\/143","targetHints":{"allow":["GET"]}}],"collection":[{"href":"https:\/\/irun.wordcamp.org\/2020\/wp-json\/wp\/v2\/pages"}],"about":[{"href":"https:\/\/irun.wordcamp.org\/2020\/wp-json\/wp\/v2\/types\/page"}],"author":[{"embeddable":true,"href":"https:\/\/irun.wordcamp.org\/2020\/wp-json\/wp\/v2\/users\/16192456"}],"replies":[{"embeddable":true,"href":"https:\/\/irun.wordcamp.org\/2020\/wp-json\/wp\/v2\/comments?post=143"}],"version-history":[{"count":1,"href":"https:\/\/irun.wordcamp.org\/2020\/wp-json\/wp\/v2\/pages\/143\/revisions"}],"predecessor-version":[{"id":144,"href":"https:\/\/irun.wordcamp.org\/2020\/wp-json\/wp\/v2\/pages\/143\/revisions\/144"}],"wp:attachment":[{"href":"https:\/\/irun.wordcamp.org\/2020\/wp-json\/wp\/v2\/media?parent=143"}],"curies":[{"name":"wp","href":"https:\/\/api.w.org\/{rel}","templated":true}]}}