{"id":362,"date":"2019-02-06T19:14:53","date_gmt":"2019-02-06T18:14:53","guid":{"rendered":"https:\/\/2019.irun.wordcamp.org\/?page_id=362"},"modified":"2019-03-18T09:02:35","modified_gmt":"2019-03-18T08:02:35","slug":"llamada-a-ponentes","status":"publish","type":"page","link":"https:\/\/irun.wordcamp.org\/2019\/llamada-a-ponentes\/","title":{"rendered":"Llamada a ponentes"},"content":{"rendered":"\n<figure class=\"wp-block-image\"><img loading=\"lazy\" decoding=\"async\" width=\"1024\" height=\"683\" src=\"https:\/\/2019.irun.wordcamp.org\/files\/2018\/09\/Ponentes-1024x683.jpg\" alt=\"\" class=\"wp-image-365\" srcset=\"https:\/\/irun.wordcamp.org\/2019\/files\/2018\/09\/Ponentes-1024x683.jpg 1024w, https:\/\/irun.wordcamp.org\/2019\/files\/2018\/09\/Ponentes-300x200.jpg 300w, https:\/\/irun.wordcamp.org\/2019\/files\/2018\/09\/Ponentes-768x512.jpg 768w, https:\/\/irun.wordcamp.org\/2019\/files\/2018\/09\/Ponentes-450x300.jpg 450w, https:\/\/irun.wordcamp.org\/2019\/files\/2018\/09\/Ponentes.jpg 2048w\" sizes=\"auto, (max-width: 1024px) 100vw, 1024px\" \/><\/figure>\n\n\n\n<p>La esencia de la comunidad WordPress es sin duda compartir conocimiento,&nbsp; experiencias,&nbsp; dar a conocer y&nbsp;desarrollar nuestro CMS preferido.<\/p>\n\n\n\n<p>Ese es tambi\u00e9n el objetivo de todas las WordCamps del mundo.<\/p>\n\n\n\n<p>Por eso <strong>en WordCamp Irun queremos contar con todas aquellas personas con pasi\u00f3n por WordPress para que participen como ponentes<\/strong> y nos ayuden en esa tarea.<\/p>\n\n\n\n<p>El 1 y 2 de junio de 2019 vamos a disfrutar de las instalaciones que tan amablemente nos cede&nbsp;<strong>Mondragon Unibertsitatea<\/strong> en Irun, donde dispondremos de dos salas para charlas y talleres.<\/p>\n\n\n\n<p><strong>\u00bfTe animas a ser el protagonista de esos espacios?<\/strong><\/p>\n\n\n\n<!--more-->\n\n\n\n<h2 class=\"wp-block-heading\">\u00bfQui\u00e9n puede postularse como ponente de WordCamp Irun?<\/h2>\n\n\n\n<p>Cualquier persona que independientemente de su nivel t\u00e9cnico o profesi\u00f3n desee <strong>compartir conocimiento<\/strong> alrededor del mundo del dise\u00f1o web, desarrollo web, marketing online, negocios digitales, experiencias online, comercio electr\u00f3nico, comunidad o simplemente usando WordPress.<\/p>\n\n\n\n<p>No necesitas ser un reconocido profesional ni tener experiencia en eventos similares, <strong>si crees que tu tema es interesante, prop\u00f3n tu ponenci<\/strong>a. Solo te pedimos que \u00abte la curres\u00bb y que sea tu mejor trabajo, ever! \ud83d\ude09<\/p>\n\n\n\n<p>Recuerda que todos los ponentes de todas las WordCamp del mundo son voluntarios y que lo \u00fanico que obtendr\u00e1s a cambio de tu participaci\u00f3n ser\u00e1 el reconocimiento de toda la comunidad, la entrada gratuita (con su pack de bienvenida) y una invitaci\u00f3n para la ya m\u00edtica cena de ponentes el 31 de mayo en una sidrer\u00eda de Irun situada en una antigua ferrer\u00eda medieval.<\/p>\n\n\n\n<p>Esta cena es nuestra forma de agradecerte tu esfuerzo y si preguntas a los ponentes del 2018 te dir\u00e1n que <strong>realmente merece la pena<\/strong>.<\/p>\n\n\n\n<p>Adem\u00e1s tendr\u00e1s nuestro agradecimiento eterno <em>and a lot of love.<\/em><\/p>\n\n\n\n<h2 class=\"wp-block-heading\">\u00bfQu\u00e9 tipo de temas se pueden presentar?<\/h2>\n\n\n\n<p>Lo hemos explicado m\u00e1s arriba, pero si\u00e9ntete libre.<\/p>\n\n\n\n<p>No est\u00e1n permitidas aquellas ponencias y talleres cuya \u00fanica finalidad es la de vender un producto o servicio comercial, aunque sea de terceros.<\/p>\n\n\n\n<p>Recuerda adem\u00e1s que tu ponencia debe ser GPL porque ser\u00e1 subida a WordPress.tv para tener la m\u00e1xima difusi\u00f3n.<\/p>\n\n\n\n<p>Con el \u00fanico objetivo de inspirarte, te dejamos un listado de temas que podr\u00edas tocar en tu ponencia:<\/p>\n\n\n\n<p><strong>NEGOCIO<\/strong><\/p>\n\n\n\n<ul class=\"wp-block-list\"><li>Estrategias para el crecimiento del negocio y retos de crecimiento (historias reales, casos de estudio, an\u00e1lisis de competidores, diferenciaci\u00f3n, etc)<\/li><li>Gesti\u00f3n de equipos, atenci\u00f3n al cliente\u2026<\/li><li>Estrategias de producto (an\u00e1lisis de competidores, diferenciaci\u00f3n, etc)<\/li><li>Gesti\u00f3n de marca, identidad corporativa y reputaci\u00f3n online (c\u00f3mo construir una marca fuerte, gesti\u00f3n de crisis, etc)<\/li><li>Consejos de optimizaci\u00f3n de negocio para desarrolladores freelance.<\/li><li>Orientaci\u00f3n legal, normativas y legislaci\u00f3n aplicable a la web en Espa\u00f1a.<\/li><\/ul>\n\n\n\n<p><strong>CONTENIDO, MARKETING, SEO Y COMUNIDAD<\/strong><\/p>\n\n\n\n<ul class=\"wp-block-list\"><li>Estrategias de contenido.<\/li><li>SEO &amp; SEM<\/li><li>Anal\u00edtica y CRO.<\/li><li>Optimizaci\u00f3n de landing pages.<\/li><li>Email Marketing, gesti\u00f3n de suscripciones.<\/li><li>Gesti\u00f3n de redes sociales.<\/li><li>Gu\u00edas pr\u00e1cticas de c\u00f3mo involucrarse con la Comunidad.<\/li><\/ul>\n\n\n\n<p><strong>DISE\u00d1O<\/strong><\/p>\n\n\n\n<ul class=\"wp-block-list\"><li>T\u00e9cnicas efectivas de dise\u00f1o (mobile-first, data-driven design, etc)<\/li><li>CSS Grid, Flexbox\u2026<\/li><li>Dise\u00f1ando experiencias de usuario para m\u00faltiples dispositivos\/plataformas.<\/li><li>Nuevas tendencias en los est\u00e1ndares web y c\u00f3mo hacer buen uso de ellas (HTML5, CSS, SVG)<\/li><li>Responsive web design y tipograf\u00edas en la web.<\/li><\/ul>\n\n\n\n<p><strong>DESARROLLO<\/strong><\/p>\n\n\n\n<ul class=\"wp-block-list\"><li>Demostremos que WordPress es para algo m\u00e1s que para hacer un blog<\/li><li>Nuevos lenguajes, herramientas o utilidades que nos ayuden a ser mejores desarrolladores WordPress.<\/li><li>WordPress REST API<\/li><li>Gutenberg<\/li><li>Utilizar las herramientas JavaScript modernas para desarrollar front-end con WordPress.<\/li><li>Gestionar proyectos de WordPress realmente grandes -tanto a nivel de equipo como de reto tecnol\u00f3gico, como de aplicaciones web complejas.<\/li><li>Historias reales de automatizaci\u00f3n de pruebas (end-to-end, integraci\u00f3n, navegador, unit).<\/li><li>Optimizaci\u00f3n y configuraci\u00f3n a nivel servidor (PHP-FPM, por ejemplo).<\/li><\/ul>\n\n\n\n<p>Estos temas son s\u00f3lo para que te inspires, no son exhaustivos. Queremos que tu propuesta se base en tu experiencia, no en lo que crees que queremos ver. Si quieres discutir tu idea antes de enviar tu propuesta, escr\u00edbenos desde la p\u00e1gina de&nbsp;<a rel=\"noreferrer noopener\" href=\"https:\/\/2018.madrid.wordcamp.org\/contactar\/\" target=\"_blank\">contacto<\/a>&nbsp;y estaremos encantados en ayudarte.<\/p>\n\n\n\n<p>Cuentas con unos 30&#8242; para las ponencias y unos 60&#8242; para los talleres. Este tiempo incluye la ronda de preguntas.<\/p>\n\n\n\n<h2 class=\"wp-block-heading\">\u00bfEn qu\u00e9 idiomas puedo presentar mi ponencia?<\/h2>\n\n\n\n<p>Aceptamos ponencias en Castellano, Euskara, Franc\u00e9s e Ingl\u00e9s.<\/p>\n\n\n\n<p>Debes tener en cuenta que la salas no dispondr\u00e1n de sistema de traducci\u00f3n ni de int\u00e9rpretes, lo que podr\u00eda afectar al alcance del p\u00fablico interesado.<\/p>\n\n\n\n<h2 class=\"wp-block-heading\">\u00bfHasta cuando tengo de plazo para enviar mi ponencia?<\/h2>\n\n\n\n<p>Puedes mandarnos tu propuesta hasta las 12 de la noche del 17 de marzo de 2019, momento en que cerraremos el plazo de admisi\u00f3n y arrancar\u00e1 el proceso de selecci\u00f3n.<\/p>\n\n\n\n<h2 class=\"wp-block-heading\"><strong>PLAZO CERRADO, NO SE ADMITEN M\u00c1S PONENCIAS. GRACIAS POR VUESTRA MAGN\u00cdFICA PARTICIPACI\u00d3N. EN BREVE PUBLICAREMOS EL PROGRAMA.<\/strong><\/h2>\n\n\n\n<hr class=\"wp-block-separator\" \/>\n\n\n\n<h2 class=\"wp-block-heading\">Hitzaldiak<\/h2>\n\n\n\n<p>Euren esperientzia hitzaldi bidez partekatu nahi dutenentzako deialdia.<\/p>\n\n\n\n<p>WordPress komunitatearen funtsa, dudarik gabe, ezagutza eta esperientzia partekatu eta gure CMS gogokoena ezagutzera eman eta garatzea da.<\/p>\n\n\n\n<p>Horixe da baita ere munduko WordCamp guztien helburua.<\/p>\n\n\n\n<p>Hau dela eta, WordCamp Irunen WordPressen zaletu guztiekin bat egin nahi dugu lan horretan lagundu gaitzaten eta euren esperientziak hitzaldi ezberdinekin partekatu ditzaten.<\/p>\n\n\n\n<p>2019ko ekainaren 1 eta 2an Irungo Mondragon Unibertsitateak utzitako instalazioez gozatzeko aukera izando dugu, non 2 dinamizazio esparru izando ditugun. Han hitzaldi eta tailerrak egongo dira.<\/p>\n\n\n\n<p>Esparru hauen protagonista izatera animatzen zara?<\/p>\n\n\n\n<h2 class=\"wp-block-heading\">Zeinek eman dezake hitzaldi bat WordCamp Irunen?<\/h2>\n\n\n\n<p>Bere maila teknikoa zein lanbidea edozein direlarik, web diseinu, web garapen, online marketing, negozio digital, online esperientzia, komertzio elektroniko edota, sinpleki, WordPress erabileraren inguruko ezagutzak partekatu nahi dituen edonork.<\/p>\n\n\n\n<p>Ez zara profesional ezagun edota gaiean jakituna izan behar, zure gaia interesgarria dela uste baduzu, proposatu zeure hitzaldia. Gauza bakarra eskatzen dizugu: lan egitea eta zure lanik onena izan dadila!<\/p>\n\n\n\n<p>Gogoan izan mundu guztiko WordCampetako partehartzaile guztiak bolondresak direla eta zure partehartzearen truk komunitate osoaren esker ona, doaneko sarrera (ongietorri packarekin) eta sagardotegi batean egingo den maiatzak 31eko afarirako gonbidapena lortuko dituzula.<\/p>\n\n\n\n<p>Gainera, geure esker ona eta maitasuna jasoko dituzu.<\/p>\n\n\n\n<h2 class=\"wp-block-heading\">Zer-nolako gaiak aurkeztu daitezke?<\/h2>\n\n\n\n<p>Lehenago jada azaldu ditugu, baina aske sentitu zaitezen nahi dugu.<\/p>\n\n\n\n<p>Ez daude onartuta euren helburu bakarra produktu edota zerbitzu komertzial bat saltzea duten hitzaldi eta tailerrak, nahiz eta hirugarren baten produktu edota zerbitzua izan.<\/p>\n\n\n\n<p>Gogoratu, gainera, zure hitzaldia GPL izan behar dela, WordPress.tv-ra igoko baita ahalik eta gehien hedatu dadin.<\/p>\n\n\n\n<p>Zu inspiratzeko helburu bakarrarekin, zure hitzaldian landu ditzakezun gaien zerrenda utziko dizugu:<\/p>\n\n\n\n<p><strong>NEGOZIOA<\/strong><\/p>\n\n\n\n<p>Negozioaren hazkunderako estrategiak eta hazkunderako erronkak (istorio errealak, azterketa kasuak, konpetentziaren analisia, gainontzegoengandik bereizkuntza, etab.). Taldeen kudeaketa, bezeroarenganako arreta. Produktuaren estrategiak (lehiakideen analisia, bereizkuntza, etab.). Markaren kuadeaketa, identitate korporatiboa eta online-eko erreputazioa (marka indartsu bat nola eraiki, krisiaren kudeaketa, etab.). Freelance garapenerako negozioaren optimizaziorako aholkuak. Orientazio legala, araudia eta Espainiako web orriei aplikatu beharreko legeria.<\/p>\n\n\n\n<p><strong>EDUKI, MARKETING, SEO ETA KOMUNITATEA<\/strong><\/p>\n\n\n\n<p>Eduki estrategiak. SEO &amp; SEMAnal\u00edtica eta CRO. \u201cLanding pages\u201d-en optimizazioa. Marketing email-a, harpidetzaren kudeaketa. Sare sozialen kudeaketa. Komunitatearekin erlazionatzeko gida praktikoa.<\/p>\n\n\n\n<p><strong>DISEINUA<\/strong><\/p>\n\n\n\n<p>Diseinurako teknika eraginkorrak (mobile-first, data-driven design, etab.) CSS Grid, Flexbox, etab. Erabiltzaileen esperientzien diseinua hainbat gailu eta plataformentzat. Web orrien inguruko joera berriak eta euren erabilera egokia (HTML5, CSS, SVG). \u201cResponsive web design\u201d eta web orrietako tipografiak.<\/p>\n\n\n\n<p><strong>GARAPENA<\/strong><\/p>\n\n\n\n<p>Froga dezagun WordPress blog orri bat egiteko baino gehiago dela. Hizkuntza berriak, WordPress garatzaile hobeak izateko lagungarri ditugun tresnak. WordPress REST APIGutenber. WordPressekin front-end garatzeko JavaScript tresna modernoak erabiltzea. Handiak diren proiektuak, talde zein erronka teknologiko mailan, eta web aplikazio konplexuak WordPressen bidez kudeatzea. Frogen automatizazioaren inguruko istorio errealak (end-to-end, integrazioa, nabigatzailea, unit). Zerbitzari mailan optimizazio eta konfigurazioa.<\/p>\n\n\n\n<p>Gai hauek zu inspiratzeko soilik dira, ez dira gai itxi eta zehatzak. Zure proposamena zure esperientzian oinarritzea nahi dugu, ez gure ikuspuntuan. Zure ideia bidali aurretik eztabaidatu nahi baduzu, idatziguzu kontaktuen orritik eta laguntzeko prest izango gara.<\/p>\n\n\n\n<p>Hitzaldientzako 30 minutu eta tailerrentzako 60 minutuko denboran oinarritu zaitez.<\/p>\n\n\n\n<h2 class=\"wp-block-heading\">Zein hizkuntzetan aurkeztu dezaket nire hitzaldia?<\/h2>\n\n\n\n<p>Hitzaldiak euskeraz, gaztelaniaz, frantsesez eta ingelesez onartuko ditugu.<\/p>\n\n\n\n<p>Esparruek ez dute itzulpen eta interpretazio zerbitzurik izango; beraz, interesatua egon daitekeen publikoa mugatuta egon daiteke aukeratutako hizkuntzaren arabera.<\/p>\n\n\n\n<h2 class=\"wp-block-heading\">Noiz arte bidali dezaket nire proposamena?<\/h2>\n\n\n\n<p>Zure proposamena 2018ko martxoak 17era arte bidali dezakezu. Egun honetan onarpenen epea amaituko da eta aukeraketen prozesua hasiko da.<br>Oraindik ez dugu aukeraketa prozesua nolakoa izango den erabaki, baina saiatuko gara ahalik eta zehatzena izan dadin interes handiena eduki dezakeen materiala aukeratzeko.<\/p>\n\n\n\n<p>Nahi adina proposamen bidali ditzakezu, web orria berriro kargatu eta proposamen berriekin inprimakia berriro bete.<\/p>\n","protected":false},"excerpt":{"rendered":"<p>La esencia de la comunidad WordPress es sin duda compartir conocimiento,&nbsp; experiencias,&nbsp; dar a conocer y&nbsp;desarrollar nuestro CMS preferido. Ese es tambi\u00e9n el objetivo de todas las WordCamps del mundo. Por eso en WordCamp Irun queremos contar con todas aquellas &hellip; <a href=\"https:\/\/irun.wordcamp.org\/2019\/llamada-a-ponentes\/\">Sigue leyendo <span class=\"screen-reader-text\">Llamada a ponentes<\/span>  <span class=\"meta-nav\">&rarr;<\/span><\/a><\/p>\n","protected":false},"author":13668985,"featured_media":365,"parent":0,"menu_order":0,"comment_status":"closed","ping_status":"closed","template":"template-full-width.php","meta":{"jetpack_post_was_ever_published":false,"footnotes":""},"class_list":["post-362","page","type-page","status-publish","has-post-thumbnail","hentry"],"jetpack_sharing_enabled":true,"jetpack_shortlink":"https:\/\/wp.me\/PaiD7m-5Q","_links":{"self":[{"href":"https:\/\/irun.wordcamp.org\/2019\/wp-json\/wp\/v2\/pages\/362","targetHints":{"allow":["GET"]}}],"collection":[{"href":"https:\/\/irun.wordcamp.org\/2019\/wp-json\/wp\/v2\/pages"}],"about":[{"href":"https:\/\/irun.wordcamp.org\/2019\/wp-json\/wp\/v2\/types\/page"}],"author":[{"embeddable":true,"href":"https:\/\/irun.wordcamp.org\/2019\/wp-json\/wp\/v2\/users\/13668985"}],"replies":[{"embeddable":true,"href":"https:\/\/irun.wordcamp.org\/2019\/wp-json\/wp\/v2\/comments?post=362"}],"version-history":[{"count":9,"href":"https:\/\/irun.wordcamp.org\/2019\/wp-json\/wp\/v2\/pages\/362\/revisions"}],"predecessor-version":[{"id":1904,"href":"https:\/\/irun.wordcamp.org\/2019\/wp-json\/wp\/v2\/pages\/362\/revisions\/1904"}],"wp:featuredmedia":[{"embeddable":true,"href":"https:\/\/irun.wordcamp.org\/2019\/wp-json\/wp\/v2\/media\/365"}],"wp:attachment":[{"href":"https:\/\/irun.wordcamp.org\/2019\/wp-json\/wp\/v2\/media?parent=362"}],"curies":[{"name":"wp","href":"https:\/\/api.w.org\/{rel}","templated":true}]}}