{"id":348,"date":"2019-02-06T18:54:10","date_gmt":"2019-02-06T17:54:10","guid":{"rendered":"https:\/\/2019.irun.wordcamp.org\/?page_id=348"},"modified":"2019-04-10T09:01:08","modified_gmt":"2019-04-10T07:01:08","slug":"llamada-a-voluntarios","status":"publish","type":"page","link":"https:\/\/irun.wordcamp.org\/2019\/llamada-a-voluntarios\/","title":{"rendered":"Llamada a voluntarios"},"content":{"rendered":"\n<h2 class=\"wp-block-heading\">\u00a1WordCamp Irun busca voluntarios como t\u00fa!<\/h2>\n\n\n\n<p style=\"text-align:right\"><a href=\"#euskaraz\">Euskaraz irakurri<\/a><\/p>\n\n\n\n<figure class=\"wp-block-image\"><img loading=\"lazy\" decoding=\"async\" width=\"1024\" height=\"683\" src=\"https:\/\/2019.irun.wordcamp.org\/files\/2019\/02\/Voluntarios-WordCamp-Irun-1024x683.jpg\" alt=\"\" class=\"wp-image-351\" srcset=\"https:\/\/irun.wordcamp.org\/2019\/files\/2019\/02\/Voluntarios-WordCamp-Irun-1024x683.jpg 1024w, https:\/\/irun.wordcamp.org\/2019\/files\/2019\/02\/Voluntarios-WordCamp-Irun-300x200.jpg 300w, https:\/\/irun.wordcamp.org\/2019\/files\/2019\/02\/Voluntarios-WordCamp-Irun-768x512.jpg 768w, https:\/\/irun.wordcamp.org\/2019\/files\/2019\/02\/Voluntarios-WordCamp-Irun-450x300.jpg 450w, https:\/\/irun.wordcamp.org\/2019\/files\/2019\/02\/Voluntarios-WordCamp-Irun.jpg 2048w\" sizes=\"auto, (max-width: 1024px) 100vw, 1024px\" \/><\/figure>\n\n\n\n<p>Una WordCamp es un evento de una magnitud muy importante y en Irun vamos a necesitar mucha ayuda para sacarla adelante con \u00e9xito. Para eso el equipo de voluntarios es fundamental.<\/p>\n\n\n\n<p>Como ya sabes las WordCamp son eventos no lucrativos y todos ponemos todo nuestro empe\u00f1o en que salgan adelante sin obtener un retorno econ\u00f3mico directo. Adem\u00e1s como voluntario no podremos costearte ni el viaje ni la estancia (ni a ti ni a ning\u00fan otro participante de la WordCamp).<\/p>\n\n\n\n<p>Por eso el trabajo de los\/as voluntarios\/as es clave. Sin esas personas no habr\u00eda WordCamp.<\/p>\n\n\n\n<hr class=\"wp-block-separator\" \/>\n\n\n\n<h2 class=\"wp-block-heading\">\u00bfPor qu\u00e9 deber\u00eda ser voluntario?<\/h2>\n\n\n\n<ul class=\"wp-block-list\"><li>Ver\u00e1s desde dentro c\u00f3mo se monta una WordCamp.<\/li><li>Disfrutar\u00e1s de todo lo que pasa entre bambalinas.<\/li><li>Ser\u00e1s uno de los apoyos de los\/as ponentes, grandes personalidades de WordPress, teniendo acceso directo a ellos\/as.<\/li><li>Tendr\u00e1s una camiseta especial de la WordCamp Irun 2019 que te identificar\u00e1 como voluntario.<\/li><li>Tendr\u00e1s cubierta la entrada a la WordCamp Irun 2019 para los dos d\u00edas con sus comidas y caf\u00e9s .<\/li><\/ul>\n\n\n\n<hr class=\"wp-block-separator\" \/>\n\n\n\n<h2 class=\"wp-block-heading\">\u00bfEn qu\u00e9 puedo colaborar?<\/h2>\n\n\n\n<p>Vamos a necesitar ayuda con muchas tareas. Algunas son m\u00e1s b\u00e1sicas y otras m\u00e1s t\u00e9cnicas, as\u00ed que tu colaboraci\u00f3n es independiente de tu perfil de usuario WordPress.<\/p>\n\n\n\n<ul class=\"wp-block-list\"><li>Recibir a los visitantes y entregar las acreditaciones<\/li><li>Entrega de camisetas y swag<\/li><li>Ayudar a los asistentes a ubicarse<\/li><li>Ayuda en las horas de caf\u00e9 y comida<\/li><li>Soporte a los ponentes<\/li><li>Control de tiempo en salas<\/li><li>Control de micr\u00f3fonos en los turnos de preguntas en las salas<\/li><li>Log\u00edstica general<\/li><li>Ayuda audiovisual (c\u00e1maras y equipos de sonido)<\/li><li>Ayuda a los patrocinadores<\/li><\/ul>\n\n\n\n<figure class=\"wp-block-image\"><img loading=\"lazy\" decoding=\"async\" width=\"1024\" height=\"683\" src=\"https:\/\/2019.irun.wordcamp.org\/files\/2019\/02\/Voluntarios-1024x683.jpg\" alt=\"\" class=\"wp-image-355\" srcset=\"https:\/\/irun.wordcamp.org\/2019\/files\/2019\/02\/Voluntarios-1024x683.jpg 1024w, https:\/\/irun.wordcamp.org\/2019\/files\/2019\/02\/Voluntarios-300x200.jpg 300w, https:\/\/irun.wordcamp.org\/2019\/files\/2019\/02\/Voluntarios-768x512.jpg 768w, https:\/\/irun.wordcamp.org\/2019\/files\/2019\/02\/Voluntarios-450x300.jpg 450w, https:\/\/irun.wordcamp.org\/2019\/files\/2019\/02\/Voluntarios.jpg 2048w\" sizes=\"auto, (max-width: 1024px) 100vw, 1024px\" \/><\/figure>\n\n\n\n<hr class=\"wp-block-separator\" \/>\n\n\n\n<h2 class=\"wp-block-heading\">\u00a1Genial! \u00bfY c\u00f3mo me apunto?<\/h2>\n\n\n\n<p>Muy f\u00e1cil, rellena el siguiente formulario y con todas las propuestas recibidas conformaremos un equipo. A partir de ah\u00ed asignaremos las tareas y los responsables de cada grupo.<\/p>\n\n\n\n<p>Para los voluntarios locales habr\u00e1 una reuni\u00f3n previa a la WordCamp para organizarnos. Los no locales deber\u00e9is asistir a la que celebraremos la ma\u00f1ana del 31 de mayo en Mondragon Unibertsitatea.<\/p>\n\n\n\n<h3 class=\"wp-block-heading\">Llamada a Voluntarios concluida, gracias por vuestro apoyo y ayuda.<\/h3>\n\n\n\n<hr class=\"wp-block-separator\" \/>\n\n\n\n<p><p style=\"text-align:right\"><a id=\"euskaraz\" class=\"anchor\"><\/a>Euskaraz<\/p><\/p>\n\n\n\n<h2 class=\"wp-block-heading\"><strong>WORDCAMP IRUN ZU BEZALAKO BOLUNTARIOEN BILA DABIL!<\/strong><\/h2>\n\n\n\n<p>WordCamp bat oso garrantzi handiko ekitaldi bat da, eta Irunen laguntza handia beharko dugu arrakastaz burutu nahi badugu. Horretarako, funtsezkoa da boluntario-talde bat osatzea.<\/p>\n\n\n\n<p>Dakizunez, irabazi asmorik gabeko ekitaldiak dira WordCamp direlakoak, eta guztiok ahalegintzen gara aurrera atera daitezen zuzenean itzulera ekonomikorik lortu gabe. Gainera, boluntario gisa, ezin izango dizugu ordaindu ez bidaia ez egonaldia (ez zuri ez WordCamp-en parte hartzen duen beste edonori).<\/p>\n\n\n\n<p>Horregatik, funtsezkoa da boluntarioen lana. Pertsona horiek gabe, ez legoke WordCamp egiterik.<\/p>\n\n\n\n<h3 class=\"wp-block-heading\"><strong>ZERGATIK IZAN BEHARKO NUKE BOLUNTARIOA?<\/strong><\/h3>\n\n\n\n<p>Barrutik ikusiko duzu WordCamp bat nola muntatzen den.<\/p>\n\n\n\n<p>Atzealdean gertatzen den guztia gozatuko duzu.<\/p>\n\n\n\n<p>Hizlarien laguntzetako bat izango zara, eta WordPress-eko ospetsu handiak dira, eta zuzenean egon ahal izango zara haiekin.<\/p>\n\n\n\n<p>WordCamp Irun 2019ren kamiseta berezi bat edukiko duzu, boluntario gisa identifikatuko zaituena.<\/p>\n\n\n\n<p>WordCamp Irun 2019rako sarrera edukiko duzu bi egunetarako, bazkari eta kafeak barne.<\/p>\n\n\n\n<h3 class=\"wp-block-heading\"><strong>ZERTAN LAGUNDU DEZAKET?<\/strong><\/h3>\n\n\n\n<p>Zeregin askotan behar izango dugu laguntza. Batzuk oso oinarrizkoak dira, eta beste batzuk teknikoagoak; beraz, zure laguntza WordPress erabiltzaile gisa duzun perfiletik aparte dago:<\/p>\n\n\n\n<ul class=\"wp-block-list\"><li>Bisitariei harrera egin eta akreditazioak banatu<\/li><li>Swag eta kamisetak banatu<\/li><li>Kokatzen lagundu bertaratuei<\/li><li>Kafe- eta bazkari-orduetan lagundu<\/li><li>Hizlariei euskarria eskaini<\/li><li>Denbora kontrolatu aretoetan<\/li><li>Mikrofonoak kontrolatu galdera-txandetan aretoetan<\/li><li>Logistika orokorra<\/li><li>Ikus-entzunezkoetarako laguntza (kamerak eta soinu-ekipoak)<\/li><li>Babesleei lagundu<\/li><\/ul>\n\n\n\n<h3 class=\"wp-block-heading\"><strong>PRIMERAN! ETA NOLA EMANGO DUT IZENA?<\/strong><\/h3>\n\n\n\n<p>Oso erraza da: bete honako formulario hau, eta talde bat osatuko dugu jasotzen ditugun proposamen guztiekin. Hortik aurrera, talde bakoitzaren zereginak eta arduradunak banatuko ditugu.<\/p>\n\n\n\n<p>Bertako boluntarioentzat, bilera bat egingo da, WordCamp egin aurretik, antolatu gaitezen. Bertakoak ez zaretenok maiatzaren 31n, goizean, Mondragon Unibertsitatean egingo dugun bilerara joan behar duzue.<\/p>\n","protected":false},"excerpt":{"rendered":"<p>\u00a1WordCamp Irun busca voluntarios como t\u00fa! Euskaraz irakurri Una WordCamp es un evento de una magnitud muy importante y en Irun vamos a necesitar mucha ayuda para sacarla adelante con \u00e9xito. Para eso el equipo de voluntarios es fundamental. Como &hellip; <a href=\"https:\/\/irun.wordcamp.org\/2019\/llamada-a-voluntarios\/\">Sigue leyendo <span class=\"screen-reader-text\">Llamada a voluntarios<\/span>  <span class=\"meta-nav\">&rarr;<\/span><\/a><\/p>\n","protected":false},"author":13668985,"featured_media":351,"parent":0,"menu_order":0,"comment_status":"closed","ping_status":"closed","template":"template-full-width.php","meta":{"jetpack_post_was_ever_published":false,"footnotes":""},"class_list":["post-348","page","type-page","status-publish","has-post-thumbnail","hentry"],"jetpack_sharing_enabled":true,"jetpack_shortlink":"https:\/\/wp.me\/PaiD7m-5C","_links":{"self":[{"href":"https:\/\/irun.wordcamp.org\/2019\/wp-json\/wp\/v2\/pages\/348","targetHints":{"allow":["GET"]}}],"collection":[{"href":"https:\/\/irun.wordcamp.org\/2019\/wp-json\/wp\/v2\/pages"}],"about":[{"href":"https:\/\/irun.wordcamp.org\/2019\/wp-json\/wp\/v2\/types\/page"}],"author":[{"embeddable":true,"href":"https:\/\/irun.wordcamp.org\/2019\/wp-json\/wp\/v2\/users\/13668985"}],"replies":[{"embeddable":true,"href":"https:\/\/irun.wordcamp.org\/2019\/wp-json\/wp\/v2\/comments?post=348"}],"version-history":[{"count":10,"href":"https:\/\/irun.wordcamp.org\/2019\/wp-json\/wp\/v2\/pages\/348\/revisions"}],"predecessor-version":[{"id":1346,"href":"https:\/\/irun.wordcamp.org\/2019\/wp-json\/wp\/v2\/pages\/348\/revisions\/1346"}],"wp:featuredmedia":[{"embeddable":true,"href":"https:\/\/irun.wordcamp.org\/2019\/wp-json\/wp\/v2\/media\/351"}],"wp:attachment":[{"href":"https:\/\/irun.wordcamp.org\/2019\/wp-json\/wp\/v2\/media?parent=348"}],"curies":[{"name":"wp","href":"https:\/\/api.w.org\/{rel}","templated":true}]}}