{"id":13,"date":"2018-09-14T20:17:14","date_gmt":"2018-09-14T18:17:14","guid":{"rendered":"https:\/\/2019.irun.wordcamp.org\/?page_id=13"},"modified":"2019-05-15T06:38:24","modified_gmt":"2019-05-15T04:38:24","slug":"entradas","status":"publish","type":"page","link":"https:\/\/irun.wordcamp.org\/2019\/entradas\/","title":{"rendered":"Entradas-Sarrerak"},"content":{"rendered":"\n<hr class=\"wp-block-separator\" \/>\n\n\n\n<h2 class=\"wp-block-heading\" style=\"text-align:center\"><strong>\u00a1ENTRADAS AGOTADAS!<\/strong><\/h2>\n\n\n\n<hr class=\"wp-block-separator\" \/>\n\n\n\n<h2 class=\"wp-block-heading\">\u00bfTe has quedado sin entradas?<\/h2>\n\n\n\n<p>Lo sentimos mucho pero por suerte este a\u00f1o han volado \ud83d\ude30<\/p>\n\n\n\n<p><strong>Es probable que en los pr\u00f3ximos d\u00edas saquemos alguna m\u00e1s<\/strong> de los sponsors y compromisos que a veces devuelven las suyas, as\u00ed que estate atento sobre todo a nuestro perfil de <a rel=\"noreferrer noopener\" aria-label=\"Twitter (opens in a new tab)\" href=\"https:\/\/twitter.com\/wpirun\" target=\"_blank\">Twitter<\/a> y de <a href=\"https:\/\/www.facebook.com\/WordCampIrun\/\">Facebook<\/a>.<\/p>\n\n\n\n<p>Si lo deseas puedes contactar con nosotros v\u00eda mail y te avisaremos en el mismo momento en que salgan a la venta: irun@wordcamp.org<\/p>\n","protected":false},"excerpt":{"rendered":"<p>\u00a1ENTRADAS AGOTADAS! \u00bfTe has quedado sin entradas? Lo sentimos mucho pero por suerte este a\u00f1o han volado \ud83d\ude30 Es probable que en los pr\u00f3ximos d\u00edas saquemos alguna m\u00e1s de los sponsors y compromisos que a veces devuelven las suyas, as\u00ed &hellip; <a href=\"https:\/\/irun.wordcamp.org\/2019\/entradas\/\">Sigue leyendo <span class=\"screen-reader-text\">Entradas-Sarrerak<\/span>  <span class=\"meta-nav\">&rarr;<\/span><\/a><\/p>\n","protected":false},"author":13668985,"featured_media":521,"parent":0,"menu_order":0,"comment_status":"closed","ping_status":"closed","template":"template-full-width.php","meta":{"jetpack_post_was_ever_published":false,"footnotes":""},"class_list":["post-13","page","type-page","status-publish","has-post-thumbnail","hentry"],"jetpack_sharing_enabled":true,"jetpack_shortlink":"https:\/\/wp.me\/PaiD7m-d","_links":{"self":[{"href":"https:\/\/irun.wordcamp.org\/2019\/wp-json\/wp\/v2\/pages\/13","targetHints":{"allow":["GET"]}}],"collection":[{"href":"https:\/\/irun.wordcamp.org\/2019\/wp-json\/wp\/v2\/pages"}],"about":[{"href":"https:\/\/irun.wordcamp.org\/2019\/wp-json\/wp\/v2\/types\/page"}],"author":[{"embeddable":true,"href":"https:\/\/irun.wordcamp.org\/2019\/wp-json\/wp\/v2\/users\/13668985"}],"replies":[{"embeddable":true,"href":"https:\/\/irun.wordcamp.org\/2019\/wp-json\/wp\/v2\/comments?post=13"}],"version-history":[{"count":13,"href":"https:\/\/irun.wordcamp.org\/2019\/wp-json\/wp\/v2\/pages\/13\/revisions"}],"predecessor-version":[{"id":1640,"href":"https:\/\/irun.wordcamp.org\/2019\/wp-json\/wp\/v2\/pages\/13\/revisions\/1640"}],"wp:featuredmedia":[{"embeddable":true,"href":"https:\/\/irun.wordcamp.org\/2019\/wp-json\/wp\/v2\/media\/521"}],"wp:attachment":[{"href":"https:\/\/irun.wordcamp.org\/2019\/wp-json\/wp\/v2\/media?parent=13"}],"curies":[{"name":"wp","href":"https:\/\/api.w.org\/{rel}","templated":true}]}}