{"id":12,"date":"2018-09-14T20:17:14","date_gmt":"2018-09-14T18:17:14","guid":{"rendered":"https:\/\/2019.irun.wordcamp.org\/organizers\/"},"modified":"2019-04-29T14:02:09","modified_gmt":"2019-04-29T12:02:09","slug":"organizadores","status":"publish","type":"page","link":"https:\/\/irun.wordcamp.org\/2019\/organizadores\/","title":{"rendered":"Organizadores"},"content":{"rendered":"\n<p>Estos son algunos de los culpables de que se haya perpetrado WordCamp Irun 2019<\/p>\n\n\n\t<div class=\"wcorg-organizers\">\n\n\t\t\n\t\t\t<div class=\"wcorg-organizer\">\n\t\t\t\t<h2>Olatz Goicoechea<\/h2>\n\t\t\t\t<div class=\"wcorg-organizer-description\">\n\t\t\t\t\t\t\t\t\t\t<img alt='' src='https:\/\/secure.gravatar.com\/avatar\/89d0e7052e411d7eb1de828a5ec57662013bbced0628fdd286177e3ea5080c67?s=100&#038;d=mm&#038;r=g' srcset='https:\/\/secure.gravatar.com\/avatar\/89d0e7052e411d7eb1de828a5ec57662013bbced0628fdd286177e3ea5080c67?s=200&#038;d=mm&#038;r=g 2x' class='avatar avatar-100 photo' height='100' width='100' \/>\t\t\t\t\t\r\n<p>3 cosas sobre m\u00ed:<\/p>\r\n\r\n\r\n\r\n<p><strong>\u00bfTrabajo?<\/strong><br \/>Publicidad program\u00e1tica en mediasmart.io<\/p>\r\n\r\n\r\n\r\n<p><strong>\u00bfC\u00f3mo alimento mi alma?<\/strong><br \/>Viajes | Arte | M\u00fasica | Amigos&amp;Familia | Aprender cosas nuevas.<\/p>\r\n\r\n\r\n\r\n<p><strong>\u00bfC\u00f3mo llegu\u00e9 a WordPress?<\/strong><br \/>Simple, uso internet.<\/p>\r\n\t\t\t\t<\/div>\n\t\t\t<\/div>\n\n\t\t\n\t\t\t<div class=\"wcorg-organizer\">\n\t\t\t\t<h2>Iban Vaquero<\/h2>\n\t\t\t\t<div class=\"wcorg-organizer-description\">\n\t\t\t\t\t\t\t\t\t\t<img alt='' src='https:\/\/secure.gravatar.com\/avatar\/423e622c6f6944625ff697862261f17845e7a4facb825f15c5720abe1024d51b?s=100&#038;d=mm&#038;r=g' srcset='https:\/\/secure.gravatar.com\/avatar\/423e622c6f6944625ff697862261f17845e7a4facb825f15c5720abe1024d51b?s=200&#038;d=mm&#038;r=g 2x' class='avatar avatar-100 photo' height='100' width='100' \/>\t\t\t\t\t\n<p>Soy dise\u00f1ador Gr\u00e1fico desde el 2000 y programador web desde 2012. Me estoy especializando en WordPress y he realizado y colaborado en varios proyectos.<br>No se exactamente cuando conoc\u00ed WordPress pero lo he vuelto a retomar con fuerza en el 2015.<\/p>\n\n\n\n<p>Soy colaborador de la meetup de Irun y coorganizador de la I y II WordCamp de Irun.<\/p>\n\n\n\n<p><a href=\"http:\/\/www.ibanvaquero.com\" target=\"_blank\" rel=\"noreferrer noopener\">www.ibanvaquero.com<\/a><\/p>\n\t\t\t\t<\/div>\n\t\t\t<\/div>\n\n\t\t\n\t\t\t<div class=\"wcorg-organizer\">\n\t\t\t\t<h2>Josean Rodr\u00edguez<\/h2>\n\t\t\t\t<div class=\"wcorg-organizer-description\">\n\t\t\t\t\t\t\t\t\t\t<img alt='' src='https:\/\/secure.gravatar.com\/avatar\/c0e10f8563d47e0e610a31afb086b8ee29b3588e8f27ff041cd9e06ddc02a449?s=100&#038;d=mm&#038;r=g' srcset='https:\/\/secure.gravatar.com\/avatar\/c0e10f8563d47e0e610a31afb086b8ee29b3588e8f27ff041cd9e06ddc02a449?s=200&#038;d=mm&#038;r=g 2x' class='avatar avatar-100 photo' height='100' width='100' \/>\t\t\t\t\t\n<p>Jubileta a la fuerza pero con muchas ganas de seguir activo. Tecn\u00f3crata por naturaleza. Ex programador de grandes sistemas CICS de IBM con lenguajes COBOL, AS (Application System), \u2026 muy apartado de las nuevas tendencias CMS con las que cada vez me siento m\u00e1s c\u00f3modo y por eso me gusta tanto WordPress.Estos son mis principio y si no os gustan, tengo otros.<\/p>\n\t\t\t\t<\/div>\n\t\t\t<\/div>\n\n\t\t\n\t\t\t<div class=\"wcorg-organizer\">\n\t\t\t\t<h2>Itoiz Mart\u00edn<\/h2>\n\t\t\t\t<div class=\"wcorg-organizer-description\">\n\t\t\t\t\t\t\t\t\t\t<img alt='' src='https:\/\/secure.gravatar.com\/avatar\/5551e69c1b3cc93bb152c01fc7727635c72f9705bb2e6b82e761c96a563309ba?s=100&#038;d=mm&#038;r=g' srcset='https:\/\/secure.gravatar.com\/avatar\/5551e69c1b3cc93bb152c01fc7727635c72f9705bb2e6b82e761c96a563309ba?s=200&#038;d=mm&#038;r=g 2x' class='avatar avatar-100 photo' height='100' width='100' \/>\t\t\t\t\t\n<p>Soy un multi padre y un poquito de todo.<\/p>\n\n\n\n<p>Me adentre en <strong>WordPress<\/strong> gracias a Pablo Moratinos hace unos a\u00f1os.<\/p>\n\n\n\n<p>Soy community manager aunque trabajo oficialmente de otra cosa. Llevo las redes de varias p\u00e1ginas y colabor\u00f3 con Pablo cuando me requiere.<\/p>\n\n\n\n<p>Soy participante de la <a href=\"https:\/\/wpirun.es\">meetup de Irun<\/a> y coorganizador de la I y II WordCamp de Irun.<\/p>\n\t\t\t\t<\/div>\n\t\t\t<\/div>\n\n\t\t\n\t\t\t<div class=\"wcorg-organizer\">\n\t\t\t\t<h2>Pablo Moratinos<\/h2>\n\t\t\t\t<div class=\"wcorg-organizer-description\">\n\t\t\t\t\t\t\t\t\t\t<img alt='' src='https:\/\/secure.gravatar.com\/avatar\/c9671961f8c62f4d48547997fb44e7e37c500219ab41d51ca47182d9c904c3f8?s=100&#038;d=mm&#038;r=g' srcset='https:\/\/secure.gravatar.com\/avatar\/c9671961f8c62f4d48547997fb44e7e37c500219ab41d51ca47182d9c904c3f8?s=200&#038;d=mm&#038;r=g 2x' class='avatar avatar-100 photo' height='100' width='100' \/>\t\t\t\t\t\n<p>Soy consultor de marketing online en <a rel=\"noreferrer noopener\" href=\"https:\/\/3ymedia.net\" target=\"_blank\">3ymedia Comunicaci\u00f3n<\/a> y me enamor\u00e9 de <strong>WordPress<\/strong> en el 2006, cuando publiqu\u00e9 mi primer post.<\/p>\n\n\n\n<p>Desde entonces no he podido parar de escribir en blogs y cacharrear con WordPress.<\/p>\n\n\n\n<p>He colaborado en distintos proyectos relacionados con el software y la cultura libres hasta que en 2017 comenc\u00e9 a participar de forma m\u00e1s activa con la comunidad de <strong>WordPress Espa\u00f1a<\/strong>. En concreto con los equipos de soporte, traducci\u00f3n y WordPress.tv.<\/p>\n\n\n\n<p>Ademas organizo el <a rel=\"noreferrer noopener\" href=\"https:\/\/wpirun.es\" target=\"_blank\">grupo local de meetups en Irun<\/a>.<\/p>\n\n\n\n<p>Puedes leer mis mierdas en <a rel=\"noreferrer noopener\" href=\"https:\/\/pablomoratinos.es\" target=\"_blank\">pablomoratinos.es<\/a><\/p>\n\t\t\t\t<\/div>\n\t\t\t<\/div>\n\n\t\t\n\t<\/div><!-- .wcorg-organizers -->\n\t\n","protected":false},"excerpt":{"rendered":"<p>Estos son algunos de los culpables de que se haya perpetrado WordCamp Irun 2019<\/p>\n","protected":false},"author":13668985,"featured_media":0,"parent":0,"menu_order":0,"comment_status":"closed","ping_status":"closed","template":"","meta":{"jetpack_post_was_ever_published":false,"footnotes":""},"class_list":["post-12","page","type-page","status-publish","hentry"],"jetpack_sharing_enabled":true,"jetpack_shortlink":"https:\/\/wp.me\/PaiD7m-c","_links":{"self":[{"href":"https:\/\/irun.wordcamp.org\/2019\/wp-json\/wp\/v2\/pages\/12","targetHints":{"allow":["GET"]}}],"collection":[{"href":"https:\/\/irun.wordcamp.org\/2019\/wp-json\/wp\/v2\/pages"}],"about":[{"href":"https:\/\/irun.wordcamp.org\/2019\/wp-json\/wp\/v2\/types\/page"}],"author":[{"embeddable":true,"href":"https:\/\/irun.wordcamp.org\/2019\/wp-json\/wp\/v2\/users\/13668985"}],"replies":[{"embeddable":true,"href":"https:\/\/irun.wordcamp.org\/2019\/wp-json\/wp\/v2\/comments?post=12"}],"version-history":[{"count":2,"href":"https:\/\/irun.wordcamp.org\/2019\/wp-json\/wp\/v2\/pages\/12\/revisions"}],"predecessor-version":[{"id":1518,"href":"https:\/\/irun.wordcamp.org\/2019\/wp-json\/wp\/v2\/pages\/12\/revisions\/1518"}],"wp:attachment":[{"href":"https:\/\/irun.wordcamp.org\/2019\/wp-json\/wp\/v2\/media?parent=12"}],"curies":[{"name":"wp","href":"https:\/\/api.w.org\/{rel}","templated":true}]}}