{"id":11,"date":"2018-09-14T20:17:14","date_gmt":"2018-09-14T18:17:14","guid":{"rendered":"https:\/\/2019.irun.wordcamp.org\/location\/"},"modified":"2019-05-23T19:31:57","modified_gmt":"2019-05-23T17:31:57","slug":"localizacion","status":"publish","type":"page","link":"https:\/\/irun.wordcamp.org\/2019\/localizacion\/","title":{"rendered":"Localizaci\u00f3n"},"content":{"rendered":"\n<p style=\"text-align:right\"><a href=\"#euskaraz\">Euskaraz irakurri<\/a><\/p>\n\n\n\n<p><strong>Irun<\/strong>&nbsp;es la segunda ciudad m\u00e1s grande de&nbsp;<strong>Gipuzkoa<\/strong>&nbsp;y est\u00e1 razonablemente bien comunicada. Podr\u00e1s llegar en avi\u00f3n, tren, autob\u00fas y coche de forma sencilla .<\/p>\n\n\n\n<h2 class=\"wp-block-heading\">C\u00f3mo llegar en avi\u00f3n a Irun<\/h2>\n\n\n\n<p>A solo 2km y conectado fundamentalmente con taxi (el autob\u00fas s\u00f3lo para si hay gente) tenemos el&nbsp;<a href=\"http:\/\/www.aena.es\/es\/aeropuerto-san-sebastian\/index.html\" target=\"_blank\" rel=\"noopener noreferrer\">Aeropuerto de San Sebastian<\/a>, que recibe vuelos desde Madrid y Barcelona todos los d\u00edas.<\/p>\n\n\n\n<p>A 120km tenemos el&nbsp;<a href=\"http:\/\/www.aena.es\/es\/aeropuerto-bilbao\/index.html\" target=\"_blank\" rel=\"noopener noreferrer\">Aeropuerto de Bilbao-Loiu<\/a>&nbsp;con mejores conexiones con otros aeropuertos nacionales y que dispone de una linea de autob\u00fas con San Sebasti\u00e1n-Donostia con la compa\u00f1\u00eda&nbsp;<a href=\"http:\/\/www.pesa.net\/pesa\/es\/inicio\" target=\"_blank\" rel=\"noopener noreferrer\">PESA<\/a>.<\/p>\n\n\n\n<h2 class=\"wp-block-heading\">C\u00f3mo llegar en tren a Irun<\/h2>\n\n\n\n<p>La&nbsp;<a href=\"https:\/\/www.google.es\/maps\/place\/Ir%C3%BAn\/@43.3396918,-1.7992447,15z\/data=!4m8!1m2!2m1!1sEstacion+de+renfe+-+Irun!3m4!1s0xd51085b7ca8eaf3:0x3deab2b21dcc4f01!8m2!3d43.3394826!4d-1.8012755\" target=\"_blank\" rel=\"noopener noreferrer\">estaci\u00f3n de tren de&nbsp;<strong>RENFE<\/strong>&nbsp;de Irun<\/a>&nbsp;es un punto con conexiones con toda la geograf\u00eda nacional e internacional a trav\u00e9s de Francia. Adem\u00e1s es la terminal del Cercan\u00edas que sigue la linea paralela a la carretera N1 por la provincia.<\/p>\n\n\n\n<p>La&nbsp;<a href=\"https:\/\/www.google.es\/maps\/place\/Irun\/@43.3397529,-1.7993305,15z\/data=!4m8!1m2!2m1!1sEstacion+de+euskotren+-+Irun!3m4!1s0xd510859106d9623:0x4abdeca00523f0ac!8m2!3d43.3409627!4d-1.7960874\" target=\"_blank\" rel=\"noopener noreferrer\">estaci\u00f3n de&nbsp;<strong>EuskoTren<\/strong><\/a>&nbsp;(conocido como&nbsp;<em>el Topo<\/em>, una especie de metro que conecta con SS y toda la linea de costa de la provincia hasta Bilbao.<\/p>\n\n\n\n<h2 class=\"wp-block-heading\">C\u00f3mo llegar en autob\u00fas a Irun<\/h2>\n\n\n\n<p>La&nbsp;<a href=\"https:\/\/www.google.es\/maps\/place\/Ir%C3%BAn\/@43.3396918,-1.7992447,15z\/data=!4m8!1m2!2m1!1sEstacion+de+renfe+-+Irun!3m4!1s0xd51085b7ca8eaf3:0x3deab2b21dcc4f01!8m2!3d43.3394826!4d-1.8012755\" target=\"_blank\" rel=\"noopener noreferrer\">estaci\u00f3n de autob\u00fas de Irun se encuentra junto a la de tren de&nbsp;<strong>RENFE<\/strong>&nbsp;<\/a>&nbsp;y es un punto con varias conexiones con toda la geograf\u00eda espa\u00f1ola.<\/p>\n\n\n\n<h2 class=\"wp-block-heading\">C\u00f3mo llegar en coche a Irun<\/h2>\n\n\n\n<p>Por carretera se puede llegar a Irun por la AP1 por Burgos, AP8 por Bilbao y cornisa cant\u00e1brica y N121 por Pamplona (o A15 + N1 si se prefiere autov\u00eda). Esta ultima es la mejor opci\u00f3n para los que se acerquen desde Aragon o Mediterraneo.<\/p>\n\n\n\n<p>En el caso de venir por Francia, la autopista A63 es la mejor opci\u00f3n.<\/p>\n\n\n\n<figure class=\"wp-block-image\"><img loading=\"lazy\" decoding=\"async\" width=\"1024\" height=\"512\" src=\"https:\/\/2019.irun.wordcamp.org\/files\/2019\/04\/urdanibia6-1024x512.jpg\" alt=\"\" class=\"wp-image-1384\" srcset=\"https:\/\/irun.wordcamp.org\/2019\/files\/2019\/04\/urdanibia6-1024x512.jpg 1024w, https:\/\/irun.wordcamp.org\/2019\/files\/2019\/04\/urdanibia6-300x150.jpg 300w, https:\/\/irun.wordcamp.org\/2019\/files\/2019\/04\/urdanibia6-768x384.jpg 768w, https:\/\/irun.wordcamp.org\/2019\/files\/2019\/04\/urdanibia6-500x250.jpg 500w, https:\/\/irun.wordcamp.org\/2019\/files\/2019\/04\/urdanibia6.jpg 1582w\" sizes=\"auto, (max-width: 1024px) 100vw, 1024px\" \/><\/figure>\n\n\n\n<h2 class=\"wp-block-heading\">WordPress on the Street<\/h2>\n\n\n\n<p>El viernes 31 de mayo arranca WordCamp Irun 2019 con un evento callejero. WordPress sale a la calle a conquistar la <strong>plaza Urdanibia<\/strong>, tambi\u00e9n conocida como Mosku (Mosc\u00fa).<\/p>\n\n\n\n<p>Esta c\u00e9ntrica plaza es una alameda rodeada por bares y terrazas. En ella instalaremos una carpa con un escenario para disfrutar de 5 estupendas charlas gratuitas.<\/p>\n\n\n\n<p>La mejor forma de <a rel=\"noreferrer noopener\" aria-label=\"llegar a la plaza de Urdanibia (opens in a new tab)\" href=\"https:\/\/www.google.com\/maps\/place\/Plaza+de+Urdanibia,+Ir%C3%BAn,+Guip%C3%BAzcoa\/@43.3371371,-1.7884699,17z\/data=!3m1!4b1!4m5!3m4!1s0xd5108f30853da87:0x7e92445f158a46a1!8m2!3d43.3371515!4d-1.7862939\" target=\"_blank\">llegar a la plaza de Urdanibia<\/a> es caminando. Est\u00e1 a 200m del ayuntamiento de Irun y del <a rel=\"noreferrer noopener\" aria-label=\"parking subterraneo de San Juan (opens in a new tab)\" href=\"https:\/\/www.google.es\/maps\/place\/San+Juan+-+Etxeandia\/@43.3396922,-1.7926518,17z\/data=!4m8!1m2!2m1!1sParking+de+san+juan+-+Irun!3m4!1s0xd5108f43eb94871:0x2468592e41f9f271!8m2!3d43.338652!4d-1.789331\" target=\"_blank\">parking subterraneo de San Juan<\/a>.<\/p>\n\n\n\n<figure class=\"wp-block-image\"><img loading=\"lazy\" decoding=\"async\" width=\"1024\" height=\"410\" src=\"https:\/\/2019.irun.wordcamp.org\/files\/2019\/02\/MU-WordCamp-Irun-2019-1024x410.jpg\" alt=\"\" class=\"wp-image-360\" srcset=\"https:\/\/irun.wordcamp.org\/2019\/files\/2019\/02\/MU-WordCamp-Irun-2019-1024x410.jpg 1024w, https:\/\/irun.wordcamp.org\/2019\/files\/2019\/02\/MU-WordCamp-Irun-2019-300x120.jpg 300w, https:\/\/irun.wordcamp.org\/2019\/files\/2019\/02\/MU-WordCamp-Irun-2019-768x307.jpg 768w, https:\/\/irun.wordcamp.org\/2019\/files\/2019\/02\/MU-WordCamp-Irun-2019-500x200.jpg 500w, https:\/\/irun.wordcamp.org\/2019\/files\/2019\/02\/MU-WordCamp-Irun-2019.jpg 2048w\" sizes=\"auto, (max-width: 1024px) 100vw, 1024px\" \/><\/figure>\n\n\n\n<h2 class=\"wp-block-heading\">La sede (venue) de WordCamp Irun<\/h2>\n\n\n\n<p><strong>WordCamp Irun<\/strong> se celebrar\u00e1 en las instalaciones de <a href=\"https:\/\/www.mondragon.edu\/es\/inicio\" target=\"_blank\" rel=\"noopener noreferrer\">Mondragon Unibertsitatea<\/a> (Universidad de Mondrag\u00f3n) en el campus del Bidasoa.<\/p>\n\n\n\n<p>Se trata de un moderno edificio en el centro de Irun perfectamente accesible que dispone de ascensores y carece de barreras arquitect\u00f3nicas.<br>Comparte espacio y servicios con el Centro C\u00edvico Palmera Montero por lo que en los accesos y zonas comunes coincidiremos con otros ciudadanos que disfrutan de otras instalaciones.<\/p>\n\n\n\n<p>Mondragon Unibertsitatea ha cedido gratuitamente sus instalaciones como forma de colaboraci\u00f3n con la comunidad WordPress y desde aqu\u00ed queremos agradec\u00e9rselo especialmente.<\/p>\n\n\n\n<hr class=\"wp-block-separator\" \/>\n\n\n<div class=\"googlemaps\">\n\t\t\t\t<iframe loading=\"lazy\" width=\"1220\" height=\"450\" frameborder=\"0\" scrolling=\"no\" marginheight=\"0\" marginwidth=\"0\"  src=\"https:\/\/www.google.com\/maps\/embed?pb=!1m18!1m12!1m3!1d11606.71674309628!2d-1.796811420003443!3d43.341901871742635!2m3!1f0!2f0!3f0!3m2!1i1024!2i768!4f13.1!3m3!1m2!1s0xd510859d7470ccf:0xfe75152882d7dcb2!2sMondragon%20Unibertsitatea%20-%20Enpresagintza,%20Campus%20Bidasoa!5e0!3m2!1ses!2ses!4v1517593426669\"><\/iframe>\n\t\t\t<\/div>\n\n\n\n<hr class=\"wp-block-separator\" \/>\n\n\n\n<h2 class=\"wp-block-heading\">Parkings en el entorno de WordCamp Irun<\/h2>\n\n\n\n<p>Los aparcamientos en los alrededores son muy escasos (se trata de una zona residencial muy densa) por lo que os recomendamos acercaros a pie, en transporte p\u00fablico, en bicicleta, patinete&#8230;<\/p>\n\n\n\n<p>En caso de emergencia hay un parking muy cercano que pertenece a un supermercado y que os obligar\u00e1 a hacer una compra m\u00ednima para usarlo (es adem\u00e1s muy caro).<\/p>\n\n\n\n<p>Junto al ayuntamiento de Irun (a 10 min caminando) est\u00e1 el <a href=\"https:\/\/www.google.es\/maps\/place\/San+Juan+-+Etxeandia\/@43.3396922,-1.7926518,17z\/data=!4m8!1m2!2m1!1sParking+de+san+juan+-+Irun!3m4!1s0xd5108f43eb94871:0x2468592e41f9f271!8m2!3d43.338652!4d-1.789331\" target=\"_blank\" rel=\"noopener noreferrer\"><strong>parking<\/strong> p\u00fablico subterr\u00e1neo de San Juan<\/a> que suele disponer de espacio de sobra.<\/p>\n\n\n\n<p>Si vas a dejar el coche aparcado durante todo el fin de semana, el <a href=\"https:\/\/www.google.com\/maps\/place\/FICOBA\/@43.3473679,-1.789666,17z\/data=!3m1!4b1!4m5!3m4!1s0xd5108f6f013ce9f:0xd0a64c6c0ec745d3!8m2!3d43.347364!4d-1.787472\">aparcamiento subterr\u00e1neo de FICOBA<\/a> es gratuito.<\/p>\n\n\n\n<p><p style=\"text-align:right\"><a id=\"euskaraz\" class=\"anchor\"><\/a>Euskaraz<\/p><\/p>\n\n\n\n<h2 class=\"wp-block-heading\">Kokapena<\/h2>\n\n\n\n<p>Gipuzkoako bigarren hiri handiena da Irun, eta nahiko ondo komunikatuta dago. Hegazkinez, trenez, autobusez eta autoz iritsi ahal izango zara erraz.<\/p>\n\n\n\n<h3 class=\"wp-block-heading\">NOLA IRITSI IRUNERA HEGAZKINEZ<\/h3>\n\n\n\n<p><a href=\"http:\/\/www.aena.es\/es\/aeropuerto-san-sebastian\/index.html\" target=\"_blank\" rel=\"noreferrer noopener\" aria-label=\"Donostiako aireportua (opens in a new tab)\">Donostiako aireportua<\/a> daukagu bi kilometrora soilik, batez ere taxiz konektatuta (autobusa jendea baldin badago soilik), eta Madrildik eta Bartzelonatik egunero izaten dira hegaldiak.<\/p>\n\n\n\n<p>120 kilometrora, <a href=\"http:\/\/www.aena.es\/es\/aeropuerto-bilbao\/index.html\" target=\"_blank\" rel=\"noreferrer noopener\" aria-label=\"Bilbo-Loiuko aireportua (opens in a new tab)\">Bilbo-Loiuko aireportua<\/a> daukagu, estatuko beste aireportu batzuekin konexio hobeak dituena, eta autobus-linea ere badu&nbsp; Donostiarekin konektatzeko, <a rel=\"noreferrer noopener\" aria-label=\"PESA (opens in a new tab)\" href=\"http:\/\/www.pesa.net\/pesa\/es\/inicio\" target=\"_blank\">PESA<\/a> konpainiakoa.<\/p>\n\n\n\n<h3 class=\"wp-block-heading\">NOLA IRITSI IRUNERA TRENEZ<\/h3>\n\n\n\n<p><a href=\"https:\/\/www.google.es\/maps\/place\/Ir%C3%BAn\/@43.3396918,-1.7992447,15z\/data=!4m8!1m2!2m1!1sEstacion+de+renfe+-+Irun!3m4!1s0xd51085b7ca8eaf3:0x3deab2b21dcc4f01!8m2!3d43.3394826!4d-1.8012755\" target=\"_blank\" rel=\"noreferrer noopener\" aria-label=\"Irungo RENFEren tren-geltokia (opens in a new tab)\">Irungo RENFEren tren-geltokia<\/a> estatuko eta Frantzia bidez nazioarteko geografia osoarekiko lotura-toki bat da. Gainera, Aldiriko trenen terminala da, probintziatik N1 errepidearen paraleloan doana.<\/p>\n\n\n\n<p><a href=\"https:\/\/www.google.es\/maps\/place\/Irun\/@43.3397529,-1.7993305,15z\/data=!4m8!1m2!2m1!1sEstacion+de+euskotren+-+Irun!3m4!1s0xd510859106d9623:0x4abdeca00523f0ac!8m2!3d43.3409627!4d-1.7960874\" target=\"_blank\" rel=\"noreferrer noopener\" aria-label=\"EuskoTrenen geltokia (opens in a new tab)\">EuskoTrenen geltokia<\/a>. Topoa ere esaten zaio; metro baten antzekoa da, Donostiarekin eta probintziako kosta-lerro osoarekin konektatzen duena Bilboraino.<\/p>\n\n\n\n<h3 class=\"wp-block-heading\">NOLA IRITSI IRUNERA AUTOBUSEZ<\/h3>\n\n\n\n<p><a href=\"https:\/\/www.google.es\/maps\/place\/Ir%C3%BAn\/@43.3396918,-1.7992447,15z\/data=!4m8!1m2!2m1!1sEstacion+de+renfe+-+Irun!3m4!1s0xd51085b7ca8eaf3:0x3deab2b21dcc4f01!8m2!3d43.3394826!4d-1.8012755\" target=\"_blank\" rel=\"noreferrer noopener\" aria-label=\"Irungo autobus-geltokia Renferen tren-geltokiaren ondoan dago (opens in a new tab)\">Irungo autobus-geltokia Renferen tren-geltokiaren ondoan dago<\/a>, eta toki horretan, gainera, zenbait konexio daude Espainia osoarekin.<\/p>\n\n\n\n<h3 class=\"wp-block-heading\">NOLA IRITSI IRUNERA AUTOZ<\/h3>\n\n\n\n<p>AP1 errepidez iritsi daiteke Irunera, Burgosetik; AP8 errepidez, Bilbotik eta Kantauri itsasaldetik, eta N121 errepidez, Iru\u00f1etik (edo A15 + N1, autobidetik nahiago izanez gero). Autobidea da aukerarik onena Aragoitik edo Mediterraneotik datozenentzat.<\/p>\n\n\n\n<p>Frantziatik etorriz gero, A63 autobidea da aukera onena.<\/p>\n\n\n\n<h3 class=\"wp-block-heading\">WORDCAMP IRUN JARDUNALDIKO EGOITZA (VENUE)&nbsp;<\/h3>\n\n\n\n<p><a href=\"https:\/\/www.mondragon.edu\/es\/inicio\" target=\"_blank\" rel=\"noreferrer noopener\" aria-label=\"Mondragon Unibertsitatearen instalazioetan (opens in a new tab)\">Mondragon Unibertsitatearen instalazioetan<\/a> egingo da WordCamp Irun, Bidasoko campusean.<\/p>\n\n\n\n<p>Eraikin moderno bat da, Irungo erdialdean dagoena, oso ondo iristeko moduan. Igogailuak dauzka eta ez du arkitektura-oztoporik.<\/p>\n\n\n\n<p> Tokia eta zerbitzuak partekatzen ditu Palmera Montero auzo-etxearekin; beraz, sarrera eta guztientzako guneetan, beste instalazio batzuk gozatzen dituzten beste herritar batzuk ere topatuko ditugu.<\/p>\n\n\n\n<p>Mondragon Unibertsitateak dohainik utzi ditu bere instalazioak, WordPress komunitatearekin kolaboratzeko, eta hemendik, bereziki eskertu nahi ditugu.<\/p>\n\n\n\n<h3 class=\"wp-block-heading\">PARKINGAK WORDCAMP IRUN INGURUAN<\/h3>\n\n\n\n<p>Inguruetan oso aparkaleku gutxi daude (jende asko bizi den bizitegi-gune bat da); beraz, oinez, garraio publikoan, bizikletaz, patinetean-eta joatea gomendatzen dizuegu.<\/p>\n\n\n\n<p>Larrialdiren bat gertatuz gero, badago parking bat oso hurbil, supermerkatu batena; gutxienezko erosketa bat egitera behartuko zaituztete, erabili nahi baduzue (oso garestia da, gainera).<\/p>\n\n\n\n<p>Irungo udaletxearen ondoan (10 minutura oinez), <a href=\"https:\/\/www.google.es\/maps\/place\/San+Juan+-+Etxeandia\/@43.3396922,-1.7926518,17z\/data=!4m8!1m2!2m1!1sParking+de+san+juan+-+Irun!3m4!1s0xd5108f43eb94871:0x2468592e41f9f271!8m2!3d43.338652!4d-1.789331\" target=\"_blank\" rel=\"noreferrer noopener\" aria-label=\"San Juango lurpeko parking publikoa dago (opens in a new tab)\">San Juango lurpeko parking publikoa dago<\/a>, eta nahiko toki izaten da bertan.<\/p>\n\n\n\n<p>Autoa asteburu osoan aparkatuta utzi behar baduzu, dohainik da <a href=\"https:\/\/www.google.com\/maps\/place\/FICOBA\/@43.3473679,-1.789666,17z\/data=!3m1!4b1!4m5!3m4!1s0xd5108f6f013ce9f:0xd0a64c6c0ec745d3!8m2!3d43.347364!4d-1.787472\" target=\"_blank\" rel=\"noreferrer noopener\" aria-label=\"FICOBAko lurpeko aparkalekua (opens in a new tab)\">FICOBAko lurpeko aparkalekua<\/a>.<\/p>\n","protected":false},"excerpt":{"rendered":"<p>Euskaraz irakurri Irun&nbsp;es la segunda ciudad m\u00e1s grande de&nbsp;Gipuzkoa&nbsp;y est\u00e1 razonablemente bien comunicada. Podr\u00e1s llegar en avi\u00f3n, tren, autob\u00fas y coche de forma sencilla . C\u00f3mo llegar en avi\u00f3n a Irun A solo 2km y conectado fundamentalmente con taxi (el &hellip; <a href=\"https:\/\/irun.wordcamp.org\/2019\/localizacion\/\">Sigue leyendo <span class=\"screen-reader-text\">Localizaci\u00f3n<\/span>  <span class=\"meta-nav\">&rarr;<\/span><\/a><\/p>\n","protected":false},"author":13668985,"featured_media":0,"parent":0,"menu_order":0,"comment_status":"closed","ping_status":"closed","template":"","meta":{"jetpack_post_was_ever_published":false,"footnotes":""},"class_list":["post-11","page","type-page","status-publish","hentry"],"jetpack_sharing_enabled":true,"jetpack_shortlink":"https:\/\/wp.me\/PaiD7m-b","_links":{"self":[{"href":"https:\/\/irun.wordcamp.org\/2019\/wp-json\/wp\/v2\/pages\/11","targetHints":{"allow":["GET"]}}],"collection":[{"href":"https:\/\/irun.wordcamp.org\/2019\/wp-json\/wp\/v2\/pages"}],"about":[{"href":"https:\/\/irun.wordcamp.org\/2019\/wp-json\/wp\/v2\/types\/page"}],"author":[{"embeddable":true,"href":"https:\/\/irun.wordcamp.org\/2019\/wp-json\/wp\/v2\/users\/13668985"}],"replies":[{"embeddable":true,"href":"https:\/\/irun.wordcamp.org\/2019\/wp-json\/wp\/v2\/comments?post=11"}],"version-history":[{"count":14,"href":"https:\/\/irun.wordcamp.org\/2019\/wp-json\/wp\/v2\/pages\/11\/revisions"}],"predecessor-version":[{"id":1675,"href":"https:\/\/irun.wordcamp.org\/2019\/wp-json\/wp\/v2\/pages\/11\/revisions\/1675"}],"wp:attachment":[{"href":"https:\/\/irun.wordcamp.org\/2019\/wp-json\/wp\/v2\/media?parent=11"}],"curies":[{"name":"wp","href":"https:\/\/api.w.org\/{rel}","templated":true}]}}