{"id":196,"date":"2018-02-02T19:10:40","date_gmt":"2018-02-02T18:10:40","guid":{"rendered":"https:\/\/2018.irun.wordcamp.org\/?page_id=196"},"modified":"2018-03-07T11:20:38","modified_gmt":"2018-03-07T10:20:38","slug":"ubicacion","status":"publish","type":"page","link":"https:\/\/irun.wordcamp.org\/2018\/ubicacion\/","title":{"rendered":"Ubicaci\u00f3n"},"content":{"rendered":"<h1><strong style=\"color: #b40404\">LUGAR<\/strong><\/h1>\n<p><strong>WordCamp Irun<\/strong> se celebrar\u00e1 en las instalaciones de <a href=\"https:\/\/www.mondragon.edu\/es\/inicio\" target=\"_blank\" rel=\"noopener\">Mondragon Unibertsitatea<\/a> (Universidad de Mondrag\u00f3n) en el campus del Bidasoa.<\/p>\n<p>Se trata de un moderno edificio en el centro de Irun perfectamente accesible que dispone de ascensores y carece de barreras arquitect\u00f3nicas.<br \/>\nComparte espacio y servicios con el Centro C\u00edvico Palmera Montero por lo que en los accesos y zonas comunes coincidiremos con otros ciudadanos que disfrutan de otras instalaciones.<\/p>\n<p>Mondragon Unibertsitatea ha cedido gratuitamente sus instalaciones como forma de colaboraci\u00f3n con la comunidad WordPress y desde aqu\u00ed queremos agradec\u00e9rselo especialmente.<\/p>\n<hr \/>\n<div class=\"googlemaps\">\n\t\t\t\t<iframe loading=\"lazy\" width=\"1220\" height=\"450\" frameborder=\"0\" scrolling=\"no\" marginheight=\"0\" marginwidth=\"0\"  src=\"https:\/\/www.google.com\/maps\/embed?pb=!1m18!1m12!1m3!1d11606.71674309628!2d-1.796811420003443!3d43.341901871742635!2m3!1f0!2f0!3f0!3m2!1i1024!2i768!4f13.1!3m3!1m2!1s0xd510859d7470ccf:0xfe75152882d7dcb2!2sMondragon%20Unibertsitatea%20-%20Enpresagintza,%20Campus%20Bidasoa!5e0!3m2!1ses!2ses!4v1517593426669\"><\/iframe>\n\t\t\t<\/div>\n<hr \/>\n<h1><strong style=\"color: #b40404\">PARKINGS<\/strong><\/h1>\n<p>Los aparcamientos en los alrededores son muy escasos (se trata de una zona residencial muy densa) por lo que os recomendamos acercaros a pie, en transporte p\u00fablico, en bicicleta, patinete&#8230;<\/p>\n<p>En caso de emergencia hay un parking muy cercano que pertenece a un supermercado y que os obligar\u00e1 a hacer una compra m\u00ednima para usarlo (es adem\u00e1s muy caro).<\/p>\n<p>Junto al ayuntamiento de Irun (a 10 min caminando) est\u00e1 el <a href=\"https:\/\/www.google.es\/maps\/place\/San+Juan+-+Etxeandia\/@43.3396922,-1.7926518,17z\/data=!4m8!1m2!2m1!1sParking+de+san+juan+-+Irun!3m4!1s0xd5108f43eb94871:0x2468592e41f9f271!8m2!3d43.338652!4d-1.789331\" target=\"_blank\" rel=\"noopener\"><strong>parking<\/strong> p\u00fablico subterr\u00e1neo de San Juan<\/a> que suele disponer de espacio de sobra.<\/p>\n<div style=\"float: left;width: 47%;margin-right: 6%;margin-top: 5%\">\n<h1><strong style=\"color: #b40404\">TAXI<\/strong><\/h1>\n<p>All\u00ed mismo hay una parada de <strong>taxis<\/strong> si necesit\u00e1is conectar con cualquier otro destino. Ojo que aqu\u00ed no es costumbre coger a taxis \u00abal vuelo\u00bb y hay que llamar por tel\u00e9fono (<a href=\"tel:+34943633303\" target=\"_blank\" rel=\"noopener\">943633303<\/a>) o acercarse a <a href=\"http:\/\/www.irun.org\/cod\/entidades\/entidad.asp?clave=614\" target=\"_blank\" rel=\"noopener\">alguna parada<\/a>.<\/p>\n<\/div>\n<div style=\"float: left;width: 47%;margin-top: 5%\">\n<h1><strong style=\"color: #b40404\">TREN<\/strong><\/h1>\n<p>La <a href=\"https:\/\/www.google.es\/maps\/place\/Ir%C3%BAn\/@43.3396918,-1.7992447,15z\/data=!4m8!1m2!2m1!1sEstacion+de+renfe+-+Irun!3m4!1s0xd51085b7ca8eaf3:0x3deab2b21dcc4f01!8m2!3d43.3394826!4d-1.8012755\" target=\"_blank\" rel=\"noopener\">estaci\u00f3n de tren de <strong>RENFE<\/strong> de Irun<\/a>\u00a0se encuentra a 23&#8242; (1,8km) caminando pero pod\u00e9is acercaros en <strong>autob\u00fas urbano<\/strong> usando la linea L1 (Zaisa-Ospitalea) bajando en la parada Nafarroa 18.<\/p>\n<\/div>\n<div style=\"float: left;width: 47%;margin-right: 6%;margin-top: 5%\">\n<h1><strong style=\"color: #b40404\">EUSKOTREN<\/strong><\/h1>\n<p>La <a href=\"https:\/\/www.google.es\/maps\/place\/Irun\/@43.3397529,-1.7993305,15z\/data=!4m8!1m2!2m1!1sEstacion+de+euskotren+-+Irun!3m4!1s0xd510859106d9623:0x4abdeca00523f0ac!8m2!3d43.3409627!4d-1.7960874\" target=\"_blank\" rel=\"noopener\">estaci\u00f3n de <strong>EuskoTren<\/strong><\/a> (conocido como <em>el Topo<\/em>, una especie de metro que conecta con San Sebasti\u00e1n-Donostia, Renter\u00eda y Pasajes) est\u00e1 a unos 16&#8242; (1,3km) de la WordCamp, que tambi\u00e9n pod\u00e9is recorrer c\u00f3modamente en el mismo autob\u00fas de la linea L1<\/p>\n<\/div>\n<div style=\"float: left;width: 47%;margin-top: 5%\">\n<h1><strong style=\"color: #b40404\">AUTOBUS<\/strong><\/h1>\n<p>Desde Hondarribia (donde esta situado el Aeropuerto de San Sebastian) y desde San Sebasti\u00e1n pod\u00e9is acercaros hasta Irun usando el <strong>autob\u00fas interurbano<\/strong> que os dejar\u00e1 en el centro.<\/p>\n<\/div>\n","protected":false},"excerpt":{"rendered":"<p>LUGAR WordCamp Irun se celebrar\u00e1 en las instalaciones de Mondragon Unibertsitatea (Universidad de Mondrag\u00f3n) en el campus del Bidasoa. Se trata de un moderno edificio en el centro de Irun perfectamente accesible que dispone de ascensores y carece de barreras arquitect\u00f3nicas. Comparte espacio y servicios con el Centro C\u00edvico Palmera Montero por lo que en &hellip; <\/p>\n<p class=\"link-more\"><a href=\"https:\/\/irun.wordcamp.org\/2018\/ubicacion\/\" class=\"more-link\">Continuar leyendo<span class=\"screen-reader-text\"> \u00abUbicaci\u00f3n\u00bb<\/span><\/a><\/p>\n","protected":false},"author":13668985,"featured_media":0,"parent":0,"menu_order":0,"comment_status":"closed","ping_status":"closed","template":"","meta":{"_crdt_document":"","jetpack_post_was_ever_published":false,"footnotes":""},"class_list":["post-196","page","type-page","status-publish","hentry"],"jetpack_sharing_enabled":true,"jetpack_shortlink":"https:\/\/wp.me\/P9tyMz-3a","_links":{"self":[{"href":"https:\/\/irun.wordcamp.org\/2018\/wp-json\/wp\/v2\/pages\/196","targetHints":{"allow":["GET"]}}],"collection":[{"href":"https:\/\/irun.wordcamp.org\/2018\/wp-json\/wp\/v2\/pages"}],"about":[{"href":"https:\/\/irun.wordcamp.org\/2018\/wp-json\/wp\/v2\/types\/page"}],"author":[{"embeddable":true,"href":"https:\/\/irun.wordcamp.org\/2018\/wp-json\/wp\/v2\/users\/13668985"}],"replies":[{"embeddable":true,"href":"https:\/\/irun.wordcamp.org\/2018\/wp-json\/wp\/v2\/comments?post=196"}],"version-history":[{"count":20,"href":"https:\/\/irun.wordcamp.org\/2018\/wp-json\/wp\/v2\/pages\/196\/revisions"}],"predecessor-version":[{"id":540,"href":"https:\/\/irun.wordcamp.org\/2018\/wp-json\/wp\/v2\/pages\/196\/revisions\/540"}],"wp:attachment":[{"href":"https:\/\/irun.wordcamp.org\/2018\/wp-json\/wp\/v2\/media?parent=196"}],"curies":[{"name":"wp","href":"https:\/\/api.w.org\/{rel}","templated":true}]}}