{"id":1626,"date":"2018-04-16T12:14:53","date_gmt":"2018-04-16T10:14:53","guid":{"rendered":"https:\/\/2018.irun.wordcamp.org\/?page_id=1626"},"modified":"2018-04-16T12:14:53","modified_gmt":"2018-04-16T10:14:53","slug":"descuento-con-renfe","status":"publish","type":"page","link":"https:\/\/irun.wordcamp.org\/2018\/descuento-con-renfe\/","title":{"rendered":"Descuento con RENFE"},"content":{"rendered":"<p>Si vas a venir a WordCamp Irun 2018 en tren debes saber que\u00a0 hemos conseguido\u00a0<strong>un c\u00f3digo de descuento<\/strong>\u00a0con el que\u00a0<strong>te ahorrar\u00e1s un 30% sobre el precio del billete<\/strong>.<\/p>\n<p>El c\u00f3digo de descuento es este: <strong>E458CE36<\/strong><\/p>\n<h2>Reservas online<\/h2>\n<p>Para poder aplicar el c\u00f3digo de descuento\u00a0<strong>en reservas online<\/strong>, seg\u00fan las\u00a0<a href=\"http:\/\/www.renfe.com\/viajeros\/tarifas\/eventos_tutorial.html\" target=\"_blank\" rel=\"noopener\">instrucciones de la propia RENFE<\/a>, debes seguir los siguientes pasos:<\/p>\n<ol>\n<li>Una vez est\u00e9s\u00a0<a href=\"https:\/\/venta.renfe.com\/vol\/home.do?c=_vUye\" target=\"_blank\" rel=\"noopener\">en la web de RENFE<\/a>\u00a0elige el origen, destino y la fecha del viaje.\n<p><img loading=\"lazy\" decoding=\"async\" class=\"size-full wp-image-960 aligncenter\" src=\"https:\/\/i1.wp.com\/2018.madrid.wordcamp.org\/files\/2018\/02\/renfe1.png?resize=500%2C515&amp;ssl=1\" alt=\"\" width=\"500\" height=\"515\" \/><\/li>\n<li>Cuando est\u00e9s en la lista de trenes haz clic en el enlace llamado\u00a0<strong>m\u00e1s opciones de compra\n<p><\/strong><img loading=\"lazy\" decoding=\"async\" class=\"size-full wp-image-972 aligncenter\" src=\"https:\/\/i0.wp.com\/2018.madrid.wordcamp.org\/files\/2018\/02\/renfe2.png?resize=500%2C515&amp;ssl=1\" alt=\"\" width=\"500\" height=\"515\" \/><\/li>\n<li>Elige el tren que desees pero marcando la opci\u00f3n de\u00a0<strong>Tarifa flexible\n<p><\/strong><img loading=\"lazy\" decoding=\"async\" class=\"size-full wp-image-973 aligncenter\" src=\"https:\/\/i2.wp.com\/2018.madrid.wordcamp.org\/files\/2018\/02\/renfe3.png?resize=500%2C515&amp;ssl=1\" alt=\"\" width=\"500\" height=\"515\" \/><\/li>\n<li>Luego, en el desplegable de tarifas, elige la tarifa\u00a0<strong>Congresos \/ Eventos\n<p><\/strong><img loading=\"lazy\" decoding=\"async\" class=\"size-full wp-image-974 aligncenter\" src=\"https:\/\/i2.wp.com\/2018.madrid.wordcamp.org\/files\/2018\/02\/renfe4.png?resize=500%2C515&amp;ssl=1\" alt=\"\" width=\"500\" height=\"515\" \/><\/li>\n<li>Seguidamente introduce el c\u00f3digo de descuento para WordCamp Irun 2018, este:\u00a0<strong>E458CE36<\/strong>. Y a continuaci\u00f3n pulsa en el bot\u00f3n de\u00a0<strong>Recalcular el precio de la compra<br \/>\n<\/strong><br \/>\n<img loading=\"lazy\" decoding=\"async\" class=\"size-full wp-image-975 aligncenter\" src=\"https:\/\/i0.wp.com\/2018.madrid.wordcamp.org\/files\/2018\/02\/renfe5.png?resize=500%2C515&amp;ssl=1\" alt=\"\" width=\"500\" height=\"515\" \/><\/li>\n<li>Sigue el procedimiento normal de compra del billete.<\/li>\n<li>Una vez adquirido el billete, env\u00edanos el n\u00famero de autorizaci\u00f3n a\u00a0irun@wordcamp.org y te remitiremos la\u00a0<em>Autorizaci\u00f3n de Descuento<\/em><\/li>\n<\/ol>\n<h2>Compra en ventanilla<\/h2>\n<p>Si, por el contrario, vas a comprar el billete en una ventanilla de venta en una estaci\u00f3n de RENFE entonces el procedimiento es m\u00e1s sencillo.<\/p>\n<p>En este caso deber\u00e1s presentar el billete junto con la \u201c<em>Autorizaci\u00f3n de Descuento<\/em>\u201d impresa (imprescindible que la misma sea individualizada por viajero, nominal y con n\u00famero de inscripci\u00f3n en el evento) y, en su caso, los documentos justificativos para la obtenci\u00f3n del descuento de Familia Numerosa, y conservarlos hasta la finalizaci\u00f3n del viaje. De igual manera, un documento oficial (DNI, Pasaporte) que acredite la identidad del titular.<\/p>\n<p>La \u201c<em>Autorizaci\u00f3n de descuento<\/em>\u201d debes solicit\u00e1rnosla mediante correo electr\u00f3nico a irun@wordcamp.org y te la remitiremos por el mismo medio.<\/p>\n<h2>Condiciones generales<\/h2>\n<p>RENFE tiene algunas condiciones generales para los billetes con descuento para congresos y ferias:<\/p>\n<ul>\n<li>Cuando el cambio sea a un billete de mayor importe, el cliente deber\u00e1 abonar la diferencia.<\/li>\n<li>Cuando el cambio sea a un billete de menor importe, de la cantidad a reintegrar, una vez deducidos los gastos de cambio si los hubiese, se descontar\u00e1 un 15%.<\/li>\n<li>Se admite el cambio del billete\u00a0<span class=\"str\">para el mismo d\u00eda sin coste<\/span>, dentro de su periodo de validez.<\/li>\n<li>Si el cliente desea cambiar el billete para otro d\u00eda, abonar\u00e1 una cantidad adicional equivalente al\u00a0<span class=\"str\">10%<\/span>\u00a0del importe del billete cambiado en concepto de gastos de cambio.<\/li>\n<li>Se admite las anulaciones de los billetes, con una deducci\u00f3n del\u00a0<span class=\"str\">15%<\/span>\u00a0sobre el precio del billete.<\/li>\n<li>En caso de p\u00e9rdida de los trenes AVE y Larga Distancia, por causas no imputables a Renfe, y para aquellos clientes que se presenten con un l\u00edmite m\u00e1ximo de 30 minutos (a contar desde la hora prevista de salida del tren) en la estaci\u00f3n de origen del viaje, se les ofrecer\u00e1 la posibilidad de viajar en el siguiente tren con plazas libres en las condiciones que Renfe determine. El cliente tendr\u00e1 que\u00a0<span class=\"str\">abonar un 20% del precio del nuevo billete<\/span>\u00a0calculado a tarifa General, si el mismo viajara en id\u00e9ntica o inferior clase que la del billete original.<\/li>\n<\/ul>\n<blockquote><p>Nota importante: Para acceder al tren el cliente deber\u00e1 presentar el billete junto con la \u201cAutorizaci\u00f3n de Descuento\u201d impresa (imprescindible que la misma sea individualizada por viajero, nominal y con n\u00famero de inscripci\u00f3n en el evento) y, en su caso, los documentos justificativos para la obtenci\u00f3n del descuento de Familia Numerosa, y conservarlos hasta la finalizaci\u00f3n del viaje. De igual manera, un documento oficial (DNI, Pasaporte) que acredite la identidad del titular.<\/p><\/blockquote>\n","protected":false},"excerpt":{"rendered":"<p>Si vas a venir a WordCamp Irun 2018 en tren debes saber que\u00a0 hemos conseguido\u00a0un c\u00f3digo de descuento\u00a0con el que\u00a0te ahorrar\u00e1s un 30% sobre el precio del billete. El c\u00f3digo de descuento es este: E458CE36 Reservas online Para poder aplicar el c\u00f3digo de descuento\u00a0en reservas online, seg\u00fan las\u00a0instrucciones de la propia RENFE, debes seguir los &hellip; <\/p>\n<p class=\"link-more\"><a href=\"https:\/\/irun.wordcamp.org\/2018\/descuento-con-renfe\/\" class=\"more-link\">Continuar leyendo<span class=\"screen-reader-text\"> \u00abDescuento con RENFE\u00bb<\/span><\/a><\/p>\n","protected":false},"author":13668985,"featured_media":0,"parent":0,"menu_order":0,"comment_status":"closed","ping_status":"closed","template":"","meta":{"_crdt_document":"","jetpack_post_was_ever_published":false,"footnotes":""},"class_list":["post-1626","page","type-page","status-publish","hentry"],"jetpack_sharing_enabled":true,"jetpack_shortlink":"https:\/\/wp.me\/PheLQe-qe","_links":{"self":[{"href":"https:\/\/irun.wordcamp.org\/2018\/wp-json\/wp\/v2\/pages\/1626","targetHints":{"allow":["GET"]}}],"collection":[{"href":"https:\/\/irun.wordcamp.org\/2018\/wp-json\/wp\/v2\/pages"}],"about":[{"href":"https:\/\/irun.wordcamp.org\/2018\/wp-json\/wp\/v2\/types\/page"}],"author":[{"embeddable":true,"href":"https:\/\/irun.wordcamp.org\/2018\/wp-json\/wp\/v2\/users\/13668985"}],"replies":[{"embeddable":true,"href":"https:\/\/irun.wordcamp.org\/2018\/wp-json\/wp\/v2\/comments?post=1626"}],"version-history":[{"count":2,"href":"https:\/\/irun.wordcamp.org\/2018\/wp-json\/wp\/v2\/pages\/1626\/revisions"}],"predecessor-version":[{"id":1628,"href":"https:\/\/irun.wordcamp.org\/2018\/wp-json\/wp\/v2\/pages\/1626\/revisions\/1628"}],"wp:attachment":[{"href":"https:\/\/irun.wordcamp.org\/2018\/wp-json\/wp\/v2\/media?parent=1626"}],"curies":[{"name":"wp","href":"https:\/\/api.w.org\/{rel}","templated":true}]}}