{"id":11,"date":"2017-11-28T14:22:26","date_gmt":"2017-11-28T13:22:26","guid":{"rendered":"https:\/\/2018.irun.wordcamp.org\/location\/"},"modified":"2018-03-02T18:18:54","modified_gmt":"2018-03-02T17:18:54","slug":"location","status":"publish","type":"page","link":"https:\/\/irun.wordcamp.org\/2018\/location\/","title":{"rendered":"C\u00f3mo llegar"},"content":{"rendered":"<p><strong>Irun<\/strong> es la 2\u00aa ciudad m\u00e1s importante en poblaci\u00f3n de la provincia de <strong>Gipuzkoa<\/strong> y est\u00e1 razonablemente bien comunicada por todos los medios de transporte.<\/p>\n<p><strong>C\u00f3mo llegar en avi\u00f3n a Irun:<\/strong><\/p>\n<p>A solo 2km y conectado fundamentalmente con taxi (el autob\u00fas solo para si hay gente) tenemos el <a href=\"http:\/\/www.aena.es\/es\/aeropuerto-san-sebastian\/index.html\" target=\"_blank\" rel=\"noopener\">Aeropuerto de San Sebastian<\/a>, que recibe vuelos desde Madrid y Barcelona todos los d\u00edas.<\/p>\n<p>A 120km tenemos el <a href=\"http:\/\/www.aena.es\/es\/aeropuerto-bilbao\/index.html\" target=\"_blank\" rel=\"noopener\">Aeropuerto de Bilbao-Loiu<\/a>\u00a0con mejores conexiones con otros aeropuertos nacionales y que dispone de una linea de autob\u00fas con San Sebasti\u00e1n-Donostia con la compa\u00f1\u00eda <a href=\"http:\/\/www.pesa.net\/pesa\/es\/inicio\" target=\"_blank\" rel=\"noopener\">PESA<\/a>.<\/p>\n<p><strong>C\u00f3mo llegar en tren a Irun:<\/strong><\/p>\n<p>La <a href=\"https:\/\/www.google.es\/maps\/place\/Ir%C3%BAn\/@43.3396918,-1.7992447,15z\/data=!4m8!1m2!2m1!1sEstacion+de+renfe+-+Irun!3m4!1s0xd51085b7ca8eaf3:0x3deab2b21dcc4f01!8m2!3d43.3394826!4d-1.8012755\" target=\"_blank\" rel=\"noopener\">estaci\u00f3n de tren de <strong>RENFE<\/strong> de Irun<\/a>\u00a0es un punto con conexiones con toda la geograf\u00eda nacional e internacional a trav\u00e9s de Francia. Adem\u00e1s es la terminal del Cercan\u00edas que sigue la linea paralela a la carretera N1 por la provincia.<\/p>\n<p>La <a href=\"https:\/\/www.google.es\/maps\/place\/Irun\/@43.3397529,-1.7993305,15z\/data=!4m8!1m2!2m1!1sEstacion+de+euskotren+-+Irun!3m4!1s0xd510859106d9623:0x4abdeca00523f0ac!8m2!3d43.3409627!4d-1.7960874\" target=\"_blank\" rel=\"noopener\">estaci\u00f3n de <strong>EuskoTren<\/strong><\/a> (conocido como <em>el Topo<\/em>, una especie de metro que conecta con SS y toda la linea de costa de la provincia hasta Bilbao.<\/p>\n<p><strong>C\u00f3mo llegar en autob\u00fas a Irun:<\/strong><\/p>\n<p>La <a href=\"https:\/\/www.google.es\/maps\/place\/Ir%C3%BAn\/@43.3396918,-1.7992447,15z\/data=!4m8!1m2!2m1!1sEstacion+de+renfe+-+Irun!3m4!1s0xd51085b7ca8eaf3:0x3deab2b21dcc4f01!8m2!3d43.3394826!4d-1.8012755\" target=\"_blank\" rel=\"noopener\">estaci\u00f3n de autob\u00fas de Irun se encuentra junto a la de tren de <strong>RENFE<\/strong> <\/a>\u00a0y es un punto con varias conexiones con toda la geograf\u00eda espa\u00f1ola.<\/p>\n<p><strong>C\u00f3mo llegar en coche a Irun:<\/strong><\/p>\n<p>Por carretera se puede llegar a Irun por la AP1 por Burgos, AP8 por Bilbao y cornisa cant\u00e1brica y N121 por Pamplona (o A15 + N1 si se prefiere autov\u00eda). Esta ultima es la mejor opci\u00f3n para los que se acerquen desde Aragon o Mediterraneo.<\/p>\n<p>En el caso de venir por Francia, la autopista A63 es la mejor opci\u00f3n.<\/p>\n","protected":false},"excerpt":{"rendered":"<p>Irun es la 2\u00aa ciudad m\u00e1s importante en poblaci\u00f3n de la provincia de Gipuzkoa y est\u00e1 razonablemente bien comunicada por todos los medios de transporte. C\u00f3mo llegar en avi\u00f3n a Irun: A solo 2km y conectado fundamentalmente con taxi (el autob\u00fas solo para si hay gente) tenemos el Aeropuerto de San Sebastian, que recibe vuelos &hellip; <\/p>\n<p class=\"link-more\"><a href=\"https:\/\/irun.wordcamp.org\/2018\/location\/\" class=\"more-link\">Continuar leyendo<span class=\"screen-reader-text\"> \u00abC\u00f3mo llegar\u00bb<\/span><\/a><\/p>\n","protected":false},"author":13668985,"featured_media":0,"parent":0,"menu_order":0,"comment_status":"closed","ping_status":"closed","template":"","meta":{"_crdt_document":"","jetpack_post_was_ever_published":false,"footnotes":""},"class_list":["post-11","page","type-page","status-publish","hentry"],"jetpack_sharing_enabled":true,"jetpack_shortlink":"https:\/\/wp.me\/P9tyMz-b","_links":{"self":[{"href":"https:\/\/irun.wordcamp.org\/2018\/wp-json\/wp\/v2\/pages\/11","targetHints":{"allow":["GET"]}}],"collection":[{"href":"https:\/\/irun.wordcamp.org\/2018\/wp-json\/wp\/v2\/pages"}],"about":[{"href":"https:\/\/irun.wordcamp.org\/2018\/wp-json\/wp\/v2\/types\/page"}],"author":[{"embeddable":true,"href":"https:\/\/irun.wordcamp.org\/2018\/wp-json\/wp\/v2\/users\/13668985"}],"replies":[{"embeddable":true,"href":"https:\/\/irun.wordcamp.org\/2018\/wp-json\/wp\/v2\/comments?post=11"}],"version-history":[{"count":7,"href":"https:\/\/irun.wordcamp.org\/2018\/wp-json\/wp\/v2\/pages\/11\/revisions"}],"predecessor-version":[{"id":201,"href":"https:\/\/irun.wordcamp.org\/2018\/wp-json\/wp\/v2\/pages\/11\/revisions\/201"}],"wp:attachment":[{"href":"https:\/\/irun.wordcamp.org\/2018\/wp-json\/wp\/v2\/media?parent=11"}],"curies":[{"name":"wp","href":"https:\/\/api.w.org\/{rel}","templated":true}]}}